{"id":8175,"date":"2025-11-06T16:34:28","date_gmt":"2025-11-06T23:34:28","guid":{"rendered":"https:\/\/signalbhn.org\/consejo-asesor\/consejo-asesor-de-la-region-2\/"},"modified":"2026-04-21T13:21:31","modified_gmt":"2026-04-21T19:21:31","slug":"consejo-asesor-de-la-region-2","status":"publish","type":"page","link":"https:\/\/signalbhn.org\/es\/consejo-asesor\/consejo-asesor-de-la-region-2\/","title":{"rendered":"Consejo Asesor de la Regi\u00f3n 2"},"content":{"rendered":"\t\t<div data-elementor-type=\"wp-page\" data-elementor-id=\"8175\" class=\"elementor elementor-8175 elementor-8170\" data-elementor-post-type=\"page\">\n\t\t\t\t\t\t<section class=\"elementor-section elementor-top-section elementor-element elementor-element-4a625060 elementor-section-content-bottom elementor-section-height-min-height elementor-section-items-bottom elementor-section-boxed elementor-section-height-default\" data-id=\"4a625060\" data-element_type=\"section\" data-e-type=\"section\" data-settings=\"{&quot;background_background&quot;:&quot;classic&quot;}\">\n\t\t\t\t\t\t\t<div class=\"elementor-background-overlay\"><\/div>\n\t\t\t\t\t\t\t<div class=\"elementor-container elementor-column-gap-no\">\n\t\t\t\t\t<div class=\"elementor-column elementor-col-50 elementor-top-column elementor-element elementor-element-7533f9bd\" data-id=\"7533f9bd\" data-element_type=\"column\" data-e-type=\"column\">\n\t\t\t<div class=\"elementor-widget-wrap elementor-element-populated\">\n\t\t\t\t\t\t\t<\/div>\n\t\t<\/div>\n\t\t\t\t<div class=\"elementor-column elementor-col-50 elementor-top-column elementor-element elementor-element-7fbda1dd\" data-id=\"7fbda1dd\" data-element_type=\"column\" data-e-type=\"column\">\n\t\t\t<div class=\"elementor-widget-wrap elementor-element-populated\">\n\t\t\t\t\t\t<div class=\"elementor-element elementor-element-4c098012 elementor-widget elementor-widget-image\" data-id=\"4c098012\" data-element_type=\"widget\" data-e-type=\"widget\" data-widget_type=\"image.default\">\n\t\t\t\t<div class=\"elementor-widget-container\">\n\t\t\t\t\t\t\t\t\t\t\t\t\t\t\t<img decoding=\"async\" width=\"254\" height=\"190\" src=\"https:\/\/signalbhn.org\/wp-content\/uploads\/2021\/10\/signal-logo-arrows-shadow-3.png\" class=\"attachment-full size-full wp-image-7030\" alt=\"\" \/>\t\t\t\t\t\t\t\t\t\t\t\t\t\t\t<\/div>\n\t\t\t\t<\/div>\n\t\t\t\t\t<\/div>\n\t\t<\/div>\n\t\t\t\t\t<\/div>\n\t\t<\/section>\n\t\t\t\t<section class=\"elementor-section elementor-top-section elementor-element elementor-element-0543960 elementor-section-boxed elementor-section-height-default elementor-section-height-default\" data-id=\"0543960\" data-element_type=\"section\" data-e-type=\"section\">\n\t\t\t\t\t\t<div class=\"elementor-container elementor-column-gap-no\">\n\t\t\t\t\t<div class=\"elementor-column elementor-col-100 elementor-top-column elementor-element elementor-element-e6ed290\" data-id=\"e6ed290\" data-element_type=\"column\" data-e-type=\"column\">\n\t\t\t<div class=\"elementor-widget-wrap elementor-element-populated\">\n\t\t\t\t\t\t<div class=\"elementor-element elementor-element-ffbf4c3 elementor-widget elementor-widget-spacer\" data-id=\"ffbf4c3\" data-element_type=\"widget\" data-e-type=\"widget\" data-widget_type=\"spacer.default\">\n\t\t\t\t<div class=\"elementor-widget-container\">\n\t\t\t\t\t\t\t<div class=\"elementor-spacer\">\n\t\t\t<div class=\"elementor-spacer-inner\"><\/div>\n\t\t<\/div>\n\t\t\t\t\t\t<\/div>\n\t\t\t\t<\/div>\n\t\t\t\t\t<\/div>\n\t\t<\/div>\n\t\t\t\t\t<\/div>\n\t\t<\/section>\n\t\t\t\t<section class=\"elementor-section elementor-top-section elementor-element elementor-element-37a576b elementor-section-content-top elementor-section-boxed elementor-section-height-default elementor-section-height-default\" data-id=\"37a576b\" data-element_type=\"section\" data-e-type=\"section\">\n\t\t\t\t\t\t<div class=\"elementor-container elementor-column-gap-no\">\n\t\t\t\t\t<div class=\"elementor-column elementor-col-100 elementor-top-column elementor-element elementor-element-051370d\" data-id=\"051370d\" data-element_type=\"column\" data-e-type=\"column\">\n\t\t\t<div class=\"elementor-widget-wrap elementor-element-populated\">\n\t\t\t\t\t\t<div class=\"elementor-element elementor-element-9755d94 elementor-widget elementor-widget-spacer\" data-id=\"9755d94\" data-element_type=\"widget\" data-e-type=\"widget\" data-widget_type=\"spacer.default\">\n\t\t\t\t<div class=\"elementor-widget-container\">\n\t\t\t\t\t\t\t<div class=\"elementor-spacer\">\n\t\t\t<div class=\"elementor-spacer-inner\"><\/div>\n\t\t<\/div>\n\t\t\t\t\t\t<\/div>\n\t\t\t\t<\/div>\n\t\t\t\t\t<\/div>\n\t\t<\/div>\n\t\t\t\t\t<\/div>\n\t\t<\/section>\n\t\t\t\t<section class=\"elementor-section elementor-top-section elementor-element elementor-element-da80870 elementor-section-boxed elementor-section-height-default elementor-section-height-default\" data-id=\"da80870\" data-element_type=\"section\" data-e-type=\"section\">\n\t\t\t\t\t\t<div class=\"elementor-container elementor-column-gap-no\">\n\t\t\t\t\t<div class=\"elementor-column elementor-col-100 elementor-top-column elementor-element elementor-element-3b71905\" data-id=\"3b71905\" data-element_type=\"column\" data-e-type=\"column\">\n\t\t\t<div class=\"elementor-widget-wrap elementor-element-populated\">\n\t\t\t\t\t\t<div class=\"elementor-element elementor-element-0837d1d elementor-widget elementor-widget-spacer\" data-id=\"0837d1d\" data-element_type=\"widget\" data-e-type=\"widget\" data-widget_type=\"spacer.default\">\n\t\t\t\t<div class=\"elementor-widget-container\">\n\t\t\t\t\t\t\t<div class=\"elementor-spacer\">\n\t\t\t<div class=\"elementor-spacer-inner\"><\/div>\n\t\t<\/div>\n\t\t\t\t\t\t<\/div>\n\t\t\t\t<\/div>\n\t\t\t\t\t<\/div>\n\t\t<\/div>\n\t\t\t\t\t<\/div>\n\t\t<\/section>\n\t\t<div class=\"elementor-element elementor-element-dbfb72f e-flex e-con-boxed e-con e-parent\" data-id=\"dbfb72f\" data-element_type=\"container\" data-e-type=\"container\">\n\t\t\t\t\t<div class=\"e-con-inner\">\n\t\t\t\t<div class=\"elementor-element elementor-element-127162f elementor-widget elementor-widget-text-editor\" data-id=\"127162f\" data-element_type=\"widget\" data-e-type=\"widget\" data-widget_type=\"text-editor.default\">\n\t\t\t\t<div class=\"elementor-widget-container\">\n\t\t\t\t\t\t\t\t\t<p>El Consejo Asesor de la Regi\u00f3n 2 de la BHASO se re\u00fane cada dos meses, el cuarto martes de los meses pares, de 2 a 3:30 p.m.<\/p><p>Los miembros del p\u00fablico son bienvenidos a asistir y escuchar las reuniones. El comentario p\u00fablico es a las 15:20.  <\/p><p><strong>13 de noviembre de 2025<\/strong><\/p><ul><li><a href=\"https:\/\/signalbhn.org\/wp-content\/uploads\/2025\/11\/11.13.25-Agenda.pdf\" target=\"_blank\" rel=\"noopener\">Agenda<span class=\"sr-only\"> (se abre en una nueva pesta\u00f1a)<\/span><\/a><\/li><li><a href=\"https:\/\/signalbhn.org\/wp-content\/uploads\/2025\/12\/Region-2-AC-11.13.25.pdf\" target=\"_blank\" rel=\"noopener\">Actas de reuni\u00f3n<\/a><\/li><\/ul><p> <\/p><p><strong>24 de febrero de 2026<\/strong><\/p><ul><li><a href=\"https:\/\/signalbhn.org\/wp-content\/uploads\/2026\/02\/2.24.26-Agenda-1.pdf\" target=\"_blank\" rel=\"noopener\">Agenda<\/a><\/li><li><a href=\"https:\/\/signalbhn.org\/wp-content\/uploads\/2026\/03\/Region-2-AC-2.24.2026.pdf\" target=\"_blank\" rel=\"noopener\">Actas de reuni\u00f3n<\/a><\/li><\/ul><p> <\/p><p><strong>28 de abril de 2026<\/strong><\/p><ul><li><a href=\"https:\/\/signalbhn.org\/wp-content\/uploads\/2026\/04\/4.28.2026-Agenda.pdf\" target=\"_blank\" rel=\"noopener\">Agenda<\/a><\/li><li>Actas de reuni\u00f3n<\/li><\/ul>\t\t\t\t\t\t\t\t<\/div>\n\t\t\t\t<\/div>\n\t\t\t\t\t<\/div>\n\t\t\t\t<\/div>\n\t\t\t\t<\/div>\n\t\t","protected":false},"excerpt":{"rendered":"<p>El Consejo Asesor de la Regi\u00f3n 2 de la BHASO se re\u00fane cada dos meses, el cuarto martes de los meses pares, de 2 a 3:30 p.m. Los miembros del p\u00fablico son bienvenidos a asistir y escuchar las reuniones. El comentario p\u00fablico es a las 15:20. 13 de noviembre de 2025 Agenda (se abre en [&hellip;]<\/p>\n","protected":false},"author":3,"featured_media":0,"parent":7168,"menu_order":0,"comment_status":"closed","ping_status":"closed","template":"elementor_header_footer","meta":{"_acf_changed":false,"site-sidebar-layout":"no-sidebar","site-content-layout":"page-builder","ast-site-content-layout":"full-width-container","site-content-style":"default","site-sidebar-style":"default","ast-global-header-display":"","ast-banner-title-visibility":"","ast-main-header-display":"","ast-hfb-above-header-display":"","ast-hfb-below-header-display":"","ast-hfb-mobile-header-display":"","site-post-title":"","ast-breadcrumbs-content":"","ast-featured-img":"disabled","footer-sml-layout":"","ast-disable-related-posts":"","theme-transparent-header-meta":"","adv-header-id-meta":"","stick-header-meta":"","header-above-stick-meta":"","header-main-stick-meta":"","header-below-stick-meta":"","astra-migrate-meta-layouts":"default","ast-page-background-enabled":"default","ast-page-background-meta":{"desktop":{"background-color":"var(--ast-global-color-4)","background-image":"","background-repeat":"repeat","background-position":"center center","background-size":"auto","background-attachment":"scroll","background-type":"","background-media":"","overlay-type":"","overlay-color":"","overlay-opacity":"","overlay-gradient":""},"tablet":{"background-color":"","background-image":"","background-repeat":"repeat","background-position":"center center","background-size":"auto","background-attachment":"scroll","background-type":"","background-media":"","overlay-type":"","overlay-color":"","overlay-opacity":"","overlay-gradient":""},"mobile":{"background-color":"","background-image":"","background-repeat":"repeat","background-position":"center center","background-size":"auto","background-attachment":"scroll","background-type":"","background-media":"","overlay-type":"","overlay-color":"","overlay-opacity":"","overlay-gradient":""}},"ast-content-background-meta":{"desktop":{"background-color":"var(--ast-global-color-5)","background-image":"","background-repeat":"repeat","background-position":"center center","background-size":"auto","background-attachment":"scroll","background-type":"","background-media":"","overlay-type":"","overlay-color":"","overlay-opacity":"","overlay-gradient":""},"tablet":{"background-color":"var(--ast-global-color-5)","background-image":"","background-repeat":"repeat","background-position":"center center","background-size":"auto","background-attachment":"scroll","background-type":"","background-media":"","overlay-type":"","overlay-color":"","overlay-opacity":"","overlay-gradient":""},"mobile":{"background-color":"var(--ast-global-color-5)","background-image":"","background-repeat":"repeat","background-position":"center center","background-size":"auto","background-attachment":"scroll","background-type":"","background-media":"","overlay-type":"","overlay-color":"","overlay-opacity":"","overlay-gradient":""}},"footnotes":""},"class_list":["post-8175","page","type-page","status-publish","hentry"],"acf":[],"yoast_head":"<!-- This site is optimized with the Yoast SEO plugin v27.3 - https:\/\/yoast.com\/product\/yoast-seo-wordpress\/ -->\n<title>Signal is Connecting Colorado to Behavioral Health - Consejo Asesor de la Regi\u00f3n 2<\/title>\n<meta name=\"robots\" content=\"index, follow, max-snippet:-1, max-image-preview:large, max-video-preview:-1\" \/>\n<link rel=\"canonical\" href=\"https:\/\/signalbhn.org\/es\/consejo-asesor\/consejo-asesor-de-la-region-2\/\" \/>\n<meta property=\"og:locale\" content=\"es_ES\" \/>\n<meta property=\"og:type\" content=\"article\" \/>\n<meta property=\"og:title\" content=\"Signal is Connecting Colorado to Behavioral Health - Consejo Asesor de la Regi\u00f3n 2\" \/>\n<meta property=\"og:description\" content=\"El Consejo Asesor de la Regi\u00f3n 2 de la BHASO se re\u00fane cada dos meses, el cuarto martes de los meses pares, de 2 a 3:30 p.m. Los miembros del p\u00fablico son bienvenidos a asistir y escuchar las reuniones. El comentario p\u00fablico es a las 15:20. 13 de noviembre de 2025 Agenda (se abre en [&hellip;]\" \/>\n<meta property=\"og:url\" content=\"https:\/\/signalbhn.org\/es\/consejo-asesor\/consejo-asesor-de-la-region-2\/\" \/>\n<meta property=\"og:site_name\" content=\"Signal is Connecting Colorado to Behavioral Health\" \/>\n<meta property=\"article:modified_time\" content=\"2026-04-21T19:21:31+00:00\" \/>\n<meta property=\"og:image\" content=\"https:\/\/signalbhn.org\/wp-content\/uploads\/2021\/10\/signal-logo-arrows-shadow-3.png\" \/>\n<meta name=\"twitter:card\" content=\"summary_large_image\" \/>\n<script type=\"application\/ld+json\" class=\"yoast-schema-graph\">{\"@context\":\"https:\\\/\\\/schema.org\",\"@graph\":[{\"@type\":\"WebPage\",\"@id\":\"https:\\\/\\\/signalbhn.org\\\/es\\\/consejo-asesor\\\/consejo-asesor-de-la-region-2\\\/\",\"url\":\"https:\\\/\\\/signalbhn.org\\\/es\\\/consejo-asesor\\\/consejo-asesor-de-la-region-2\\\/\",\"name\":\"Signal is Connecting Colorado to Behavioral Health - Consejo Asesor de la Regi\u00f3n 2\",\"isPartOf\":{\"@id\":\"https:\\\/\\\/signalbhn.org\\\/es\\\/#website\"},\"primaryImageOfPage\":{\"@id\":\"https:\\\/\\\/signalbhn.org\\\/es\\\/consejo-asesor\\\/consejo-asesor-de-la-region-2\\\/#primaryimage\"},\"image\":{\"@id\":\"https:\\\/\\\/signalbhn.org\\\/es\\\/consejo-asesor\\\/consejo-asesor-de-la-region-2\\\/#primaryimage\"},\"thumbnailUrl\":\"https:\\\/\\\/signalbhn.org\\\/wp-content\\\/uploads\\\/2021\\\/10\\\/signal-logo-arrows-shadow-3.png\",\"datePublished\":\"2025-11-06T23:34:28+00:00\",\"dateModified\":\"2026-04-21T19:21:31+00:00\",\"breadcrumb\":{\"@id\":\"https:\\\/\\\/signalbhn.org\\\/es\\\/consejo-asesor\\\/consejo-asesor-de-la-region-2\\\/#breadcrumb\"},\"inLanguage\":\"es-ES\",\"potentialAction\":[{\"@type\":\"ReadAction\",\"target\":[\"https:\\\/\\\/signalbhn.org\\\/es\\\/consejo-asesor\\\/consejo-asesor-de-la-region-2\\\/\"]}]},{\"@type\":\"ImageObject\",\"inLanguage\":\"es-ES\",\"@id\":\"https:\\\/\\\/signalbhn.org\\\/es\\\/consejo-asesor\\\/consejo-asesor-de-la-region-2\\\/#primaryimage\",\"url\":\"https:\\\/\\\/signalbhn.org\\\/wp-content\\\/uploads\\\/2021\\\/10\\\/signal-logo-arrows-shadow-3.png\",\"contentUrl\":\"https:\\\/\\\/signalbhn.org\\\/wp-content\\\/uploads\\\/2021\\\/10\\\/signal-logo-arrows-shadow-3.png\"},{\"@type\":\"BreadcrumbList\",\"@id\":\"https:\\\/\\\/signalbhn.org\\\/es\\\/consejo-asesor\\\/consejo-asesor-de-la-region-2\\\/#breadcrumb\",\"itemListElement\":[{\"@type\":\"ListItem\",\"position\":1,\"name\":\"Home\",\"item\":\"https:\\\/\\\/signalbhn.org\\\/es\\\/\"},{\"@type\":\"ListItem\",\"position\":2,\"name\":\"Consejo Asesor de la Regi\u00f3n 2\"}]},{\"@type\":\"WebSite\",\"@id\":\"https:\\\/\\\/signalbhn.org\\\/es\\\/#website\",\"url\":\"https:\\\/\\\/signalbhn.org\\\/es\\\/\",\"name\":\"Signal is Connecting Colorado to Behavioral Health\",\"description\":\"\",\"publisher\":{\"@id\":\"https:\\\/\\\/signalbhn.org\\\/es\\\/#organization\"},\"potentialAction\":[{\"@type\":\"SearchAction\",\"target\":{\"@type\":\"EntryPoint\",\"urlTemplate\":\"https:\\\/\\\/signalbhn.org\\\/es\\\/?s={search_term_string}\"},\"query-input\":{\"@type\":\"PropertyValueSpecification\",\"valueRequired\":true,\"valueName\":\"search_term_string\"}}],\"inLanguage\":\"es-ES\"},{\"@type\":\"Organization\",\"@id\":\"https:\\\/\\\/signalbhn.org\\\/es\\\/#organization\",\"name\":\"Signal is Connecting Colorado to Behavioral Health\",\"url\":\"https:\\\/\\\/signalbhn.org\\\/es\\\/\",\"logo\":{\"@type\":\"ImageObject\",\"inLanguage\":\"es-ES\",\"@id\":\"https:\\\/\\\/signalbhn.org\\\/es\\\/#\\\/schema\\\/logo\\\/image\\\/\",\"url\":\"https:\\\/\\\/signalbhn.org\\\/wp-content\\\/uploads\\\/2021\\\/09\\\/signal-logo-horizontal.svg\",\"contentUrl\":\"https:\\\/\\\/signalbhn.org\\\/wp-content\\\/uploads\\\/2021\\\/09\\\/signal-logo-horizontal.svg\",\"caption\":\"Signal is Connecting Colorado to Behavioral Health\"},\"image\":{\"@id\":\"https:\\\/\\\/signalbhn.org\\\/es\\\/#\\\/schema\\\/logo\\\/image\\\/\"}}]}<\/script>\n<!-- \/ Yoast SEO plugin. -->","yoast_head_json":{"title":"Signal is Connecting Colorado to Behavioral Health - Consejo Asesor de la Regi\u00f3n 2","robots":{"index":"index","follow":"follow","max-snippet":"max-snippet:-1","max-image-preview":"max-image-preview:large","max-video-preview":"max-video-preview:-1"},"canonical":"https:\/\/signalbhn.org\/es\/consejo-asesor\/consejo-asesor-de-la-region-2\/","og_locale":"es_ES","og_type":"article","og_title":"Signal is Connecting Colorado to Behavioral Health - Consejo Asesor de la Regi\u00f3n 2","og_description":"El Consejo Asesor de la Regi\u00f3n 2 de la BHASO se re\u00fane cada dos meses, el cuarto martes de los meses pares, de 2 a 3:30 p.m. Los miembros del p\u00fablico son bienvenidos a asistir y escuchar las reuniones. El comentario p\u00fablico es a las 15:20. 13 de noviembre de 2025 Agenda (se abre en [&hellip;]","og_url":"https:\/\/signalbhn.org\/es\/consejo-asesor\/consejo-asesor-de-la-region-2\/","og_site_name":"Signal is Connecting Colorado to Behavioral Health","article_modified_time":"2026-04-21T19:21:31+00:00","og_image":[{"url":"https:\/\/signalbhn.org\/wp-content\/uploads\/2021\/10\/signal-logo-arrows-shadow-3.png","type":"","width":"","height":""}],"twitter_card":"summary_large_image","schema":{"@context":"https:\/\/schema.org","@graph":[{"@type":"WebPage","@id":"https:\/\/signalbhn.org\/es\/consejo-asesor\/consejo-asesor-de-la-region-2\/","url":"https:\/\/signalbhn.org\/es\/consejo-asesor\/consejo-asesor-de-la-region-2\/","name":"Signal is Connecting Colorado to Behavioral Health - Consejo Asesor de la Regi\u00f3n 2","isPartOf":{"@id":"https:\/\/signalbhn.org\/es\/#website"},"primaryImageOfPage":{"@id":"https:\/\/signalbhn.org\/es\/consejo-asesor\/consejo-asesor-de-la-region-2\/#primaryimage"},"image":{"@id":"https:\/\/signalbhn.org\/es\/consejo-asesor\/consejo-asesor-de-la-region-2\/#primaryimage"},"thumbnailUrl":"https:\/\/signalbhn.org\/wp-content\/uploads\/2021\/10\/signal-logo-arrows-shadow-3.png","datePublished":"2025-11-06T23:34:28+00:00","dateModified":"2026-04-21T19:21:31+00:00","breadcrumb":{"@id":"https:\/\/signalbhn.org\/es\/consejo-asesor\/consejo-asesor-de-la-region-2\/#breadcrumb"},"inLanguage":"es-ES","potentialAction":[{"@type":"ReadAction","target":["https:\/\/signalbhn.org\/es\/consejo-asesor\/consejo-asesor-de-la-region-2\/"]}]},{"@type":"ImageObject","inLanguage":"es-ES","@id":"https:\/\/signalbhn.org\/es\/consejo-asesor\/consejo-asesor-de-la-region-2\/#primaryimage","url":"https:\/\/signalbhn.org\/wp-content\/uploads\/2021\/10\/signal-logo-arrows-shadow-3.png","contentUrl":"https:\/\/signalbhn.org\/wp-content\/uploads\/2021\/10\/signal-logo-arrows-shadow-3.png"},{"@type":"BreadcrumbList","@id":"https:\/\/signalbhn.org\/es\/consejo-asesor\/consejo-asesor-de-la-region-2\/#breadcrumb","itemListElement":[{"@type":"ListItem","position":1,"name":"Home","item":"https:\/\/signalbhn.org\/es\/"},{"@type":"ListItem","position":2,"name":"Consejo Asesor de la Regi\u00f3n 2"}]},{"@type":"WebSite","@id":"https:\/\/signalbhn.org\/es\/#website","url":"https:\/\/signalbhn.org\/es\/","name":"Signal is Connecting Colorado to Behavioral Health","description":"","publisher":{"@id":"https:\/\/signalbhn.org\/es\/#organization"},"potentialAction":[{"@type":"SearchAction","target":{"@type":"EntryPoint","urlTemplate":"https:\/\/signalbhn.org\/es\/?s={search_term_string}"},"query-input":{"@type":"PropertyValueSpecification","valueRequired":true,"valueName":"search_term_string"}}],"inLanguage":"es-ES"},{"@type":"Organization","@id":"https:\/\/signalbhn.org\/es\/#organization","name":"Signal is Connecting Colorado to Behavioral Health","url":"https:\/\/signalbhn.org\/es\/","logo":{"@type":"ImageObject","inLanguage":"es-ES","@id":"https:\/\/signalbhn.org\/es\/#\/schema\/logo\/image\/","url":"https:\/\/signalbhn.org\/wp-content\/uploads\/2021\/09\/signal-logo-horizontal.svg","contentUrl":"https:\/\/signalbhn.org\/wp-content\/uploads\/2021\/09\/signal-logo-horizontal.svg","caption":"Signal is Connecting Colorado to Behavioral Health"},"image":{"@id":"https:\/\/signalbhn.org\/es\/#\/schema\/logo\/image\/"}}]}},"_links":{"self":[{"href":"https:\/\/signalbhn.org\/es\/wp-json\/wp\/v2\/pages\/8175","targetHints":{"allow":["GET"]}}],"collection":[{"href":"https:\/\/signalbhn.org\/es\/wp-json\/wp\/v2\/pages"}],"about":[{"href":"https:\/\/signalbhn.org\/es\/wp-json\/wp\/v2\/types\/page"}],"author":[{"embeddable":true,"href":"https:\/\/signalbhn.org\/es\/wp-json\/wp\/v2\/users\/3"}],"replies":[{"embeddable":true,"href":"https:\/\/signalbhn.org\/es\/wp-json\/wp\/v2\/comments?post=8175"}],"version-history":[{"count":14,"href":"https:\/\/signalbhn.org\/es\/wp-json\/wp\/v2\/pages\/8175\/revisions"}],"predecessor-version":[{"id":8520,"href":"https:\/\/signalbhn.org\/es\/wp-json\/wp\/v2\/pages\/8175\/revisions\/8520"}],"up":[{"embeddable":true,"href":"https:\/\/signalbhn.org\/es\/wp-json\/wp\/v2\/pages\/7168"}],"wp:attachment":[{"href":"https:\/\/signalbhn.org\/es\/wp-json\/wp\/v2\/media?parent=8175"}],"curies":[{"name":"wp","href":"https:\/\/api.w.org\/{rel}","templated":true}]}}