{"id":7802,"date":"2021-10-25T18:21:55","date_gmt":"2021-10-26T00:21:55","guid":{"rendered":"https:\/\/updates-signal-bhn.pantheonsite.io\/politica-de-privacidad\/"},"modified":"2025-06-30T11:12:39","modified_gmt":"2025-06-30T17:12:39","slug":"politica-de-privacidad","status":"publish","type":"page","link":"https:\/\/signalbhn.org\/es\/politica-de-privacidad\/","title":{"rendered":"Pol\u00edtica de privacidad"},"content":{"rendered":"\t\t<div data-elementor-type=\"wp-page\" data-elementor-id=\"7802\" class=\"elementor elementor-7802 elementor-2414\" data-elementor-post-type=\"page\">\n\t\t\t\t\t\t<section class=\"elementor-section elementor-top-section elementor-element elementor-element-33e2aa01 elementor-section-content-bottom elementor-section-height-min-height elementor-section-items-bottom elementor-section-boxed elementor-section-height-default\" data-id=\"33e2aa01\" data-element_type=\"section\" data-e-type=\"section\" data-settings=\"{&quot;background_background&quot;:&quot;classic&quot;}\">\n\t\t\t\t\t\t\t<div class=\"elementor-background-overlay\"><\/div>\n\t\t\t\t\t\t\t<div class=\"elementor-container elementor-column-gap-no\">\n\t\t\t\t\t<div class=\"elementor-column elementor-col-50 elementor-top-column elementor-element elementor-element-1b6d6c51\" data-id=\"1b6d6c51\" data-element_type=\"column\" data-e-type=\"column\">\n\t\t\t<div class=\"elementor-widget-wrap elementor-element-populated\">\n\t\t\t\t\t\t\t<\/div>\n\t\t<\/div>\n\t\t\t\t<div class=\"elementor-column elementor-col-50 elementor-top-column elementor-element elementor-element-44ff48e5\" data-id=\"44ff48e5\" data-element_type=\"column\" data-e-type=\"column\">\n\t\t\t<div class=\"elementor-widget-wrap elementor-element-populated\">\n\t\t\t\t\t\t<div class=\"elementor-element elementor-element-415449b2 elementor-widget elementor-widget-image\" data-id=\"415449b2\" data-element_type=\"widget\" data-e-type=\"widget\" data-widget_type=\"image.default\">\n\t\t\t\t<div class=\"elementor-widget-container\">\n\t\t\t\t\t\t\t\t\t\t\t\t\t\t\t<img decoding=\"async\" width=\"254\" height=\"190\" src=\"https:\/\/signalbhn.org\/wp-content\/uploads\/2021\/10\/signal-logo-arrows-shadow-3.png\" class=\"attachment-full size-full wp-image-7030\" alt=\"\" \/>\t\t\t\t\t\t\t\t\t\t\t\t\t\t\t<\/div>\n\t\t\t\t<\/div>\n\t\t\t\t\t<\/div>\n\t\t<\/div>\n\t\t\t\t\t<\/div>\n\t\t<\/section>\n\t\t\t\t<section class=\"elementor-section elementor-top-section elementor-element elementor-element-1fd73b8 elementor-section-boxed elementor-section-height-default elementor-section-height-default\" data-id=\"1fd73b8\" data-element_type=\"section\" data-e-type=\"section\">\n\t\t\t\t\t\t<div class=\"elementor-container elementor-column-gap-no\">\n\t\t\t\t\t<div class=\"elementor-column elementor-col-100 elementor-top-column elementor-element elementor-element-2ac9a8a\" data-id=\"2ac9a8a\" data-element_type=\"column\" data-e-type=\"column\">\n\t\t\t<div class=\"elementor-widget-wrap elementor-element-populated\">\n\t\t\t\t\t\t<div class=\"elementor-element elementor-element-6bb74cb elementor-widget elementor-widget-spacer\" data-id=\"6bb74cb\" data-element_type=\"widget\" data-e-type=\"widget\" data-widget_type=\"spacer.default\">\n\t\t\t\t<div class=\"elementor-widget-container\">\n\t\t\t\t\t\t\t<div class=\"elementor-spacer\">\n\t\t\t<div class=\"elementor-spacer-inner\"><\/div>\n\t\t<\/div>\n\t\t\t\t\t\t<\/div>\n\t\t\t\t<\/div>\n\t\t\t\t\t<\/div>\n\t\t<\/div>\n\t\t\t\t\t<\/div>\n\t\t<\/section>\n\t\t\t\t<section class=\"elementor-section elementor-top-section elementor-element elementor-element-6ae16065 elementor-section-boxed elementor-section-height-default elementor-section-height-default\" data-id=\"6ae16065\" data-element_type=\"section\" data-e-type=\"section\">\n\t\t\t\t\t\t<div class=\"elementor-container elementor-column-gap-wider\">\n\t\t\t\t\t<div class=\"elementor-column elementor-col-100 elementor-top-column elementor-element elementor-element-6612edd2\" data-id=\"6612edd2\" data-element_type=\"column\" data-e-type=\"column\">\n\t\t\t<div class=\"elementor-widget-wrap elementor-element-populated\">\n\t\t\t\t\t\t<div class=\"elementor-element elementor-element-7d443be6 elementor-widget elementor-widget-heading\" data-id=\"7d443be6\" data-element_type=\"widget\" data-e-type=\"widget\" data-widget_type=\"heading.default\">\n\t\t\t\t<div class=\"elementor-widget-container\">\n\t\t\t\t\t<h2 class=\"elementor-heading-title elementor-size-default\">Detalles de la Pol\u00edtica de Privacidad<\/h2>\t\t\t\t<\/div>\n\t\t\t\t<\/div>\n\t\t\t\t<div class=\"elementor-element elementor-element-26beaf5 elementor-widget elementor-widget-text-editor\" data-id=\"26beaf5\" data-element_type=\"widget\" data-e-type=\"widget\" data-widget_type=\"text-editor.default\">\n\t\t\t\t<div class=\"elementor-widget-container\">\n\t\t\t\t\t\t\t\t\t<p>Pr\u00f3ximamente&#8230;<\/p>\t\t\t\t\t\t\t\t<\/div>\n\t\t\t\t<\/div>\n\t\t\t\t\t<\/div>\n\t\t<\/div>\n\t\t\t\t\t<\/div>\n\t\t<\/section>\n\t\t\t\t<section class=\"elementor-section elementor-top-section elementor-element elementor-element-7c71d1c elementor-section-boxed elementor-section-height-default elementor-section-height-default\" data-id=\"7c71d1c\" data-element_type=\"section\" data-e-type=\"section\">\n\t\t\t\t\t\t<div class=\"elementor-container elementor-column-gap-no\">\n\t\t\t\t\t<div class=\"elementor-column elementor-col-100 elementor-top-column elementor-element elementor-element-673fedb\" data-id=\"673fedb\" data-element_type=\"column\" data-e-type=\"column\">\n\t\t\t<div class=\"elementor-widget-wrap elementor-element-populated\">\n\t\t\t\t\t\t<div class=\"elementor-element elementor-element-bd5fe34 elementor-widget elementor-widget-spacer\" data-id=\"bd5fe34\" data-element_type=\"widget\" data-e-type=\"widget\" data-widget_type=\"spacer.default\">\n\t\t\t\t<div class=\"elementor-widget-container\">\n\t\t\t\t\t\t\t<div class=\"elementor-spacer\">\n\t\t\t<div class=\"elementor-spacer-inner\"><\/div>\n\t\t<\/div>\n\t\t\t\t\t\t<\/div>\n\t\t\t\t<\/div>\n\t\t\t\t\t<\/div>\n\t\t<\/div>\n\t\t\t\t\t<\/div>\n\t\t<\/section>\n\t\t\t\t<\/div>\n\t\t","protected":false},"excerpt":{"rendered":"<p>Detalles de la Pol\u00edtica de Privacidad Pr\u00f3ximamente&#8230;<\/p>\n","protected":false},"author":1,"featured_media":0,"parent":0,"menu_order":0,"comment_status":"closed","ping_status":"closed","template":"","meta":{"_acf_changed":false,"site-sidebar-layout":"no-sidebar","site-content-layout":"page-builder","ast-site-content-layout":"default","site-content-style":"default","site-sidebar-style":"default","ast-global-header-display":"","ast-banner-title-visibility":"","ast-main-header-display":"","ast-hfb-above-header-display":"","ast-hfb-below-header-display":"","ast-hfb-mobile-header-display":"","site-post-title":"disabled","ast-breadcrumbs-content":"","ast-featured-img":"disabled","footer-sml-layout":"","ast-disable-related-posts":"","theme-transparent-header-meta":"default","adv-header-id-meta":"","stick-header-meta":"","header-above-stick-meta":"","header-main-stick-meta":"","header-below-stick-meta":"","astra-migrate-meta-layouts":"default","ast-page-background-enabled":"default","ast-page-background-meta":{"desktop":{"background-color":"var(--ast-global-color-4)","background-image":"","background-repeat":"repeat","background-position":"center center","background-size":"auto","background-attachment":"scroll","background-type":"","background-media":"","overlay-type":"","overlay-color":"","overlay-opacity":"","overlay-gradient":""},"tablet":{"background-color":"","background-image":"","background-repeat":"repeat","background-position":"center center","background-size":"auto","background-attachment":"scroll","background-type":"","background-media":"","overlay-type":"","overlay-color":"","overlay-opacity":"","overlay-gradient":""},"mobile":{"background-color":"","background-image":"","background-repeat":"repeat","background-position":"center center","background-size":"auto","background-attachment":"scroll","background-type":"","background-media":"","overlay-type":"","overlay-color":"","overlay-opacity":"","overlay-gradient":""}},"ast-content-background-meta":{"desktop":{"background-color":"var(--ast-global-color-5)","background-image":"","background-repeat":"repeat","background-position":"center center","background-size":"auto","background-attachment":"scroll","background-type":"","background-media":"","overlay-type":"","overlay-color":"","overlay-opacity":"","overlay-gradient":""},"tablet":{"background-color":"var(--ast-global-color-5)","background-image":"","background-repeat":"repeat","background-position":"center center","background-size":"auto","background-attachment":"scroll","background-type":"","background-media":"","overlay-type":"","overlay-color":"","overlay-opacity":"","overlay-gradient":""},"mobile":{"background-color":"var(--ast-global-color-5)","background-image":"","background-repeat":"repeat","background-position":"center center","background-size":"auto","background-attachment":"scroll","background-type":"","background-media":"","overlay-type":"","overlay-color":"","overlay-opacity":"","overlay-gradient":""}},"footnotes":""},"class_list":["post-7802","page","type-page","status-publish","hentry"],"acf":[],"yoast_head":"<!-- This site is optimized with the Yoast SEO plugin v27.3 - https:\/\/yoast.com\/product\/yoast-seo-wordpress\/ -->\n<title>Pol\u00edtica de privacidad<\/title>\n<meta name=\"robots\" content=\"index, follow, max-snippet:-1, max-image-preview:large, max-video-preview:-1\" \/>\n<link rel=\"canonical\" href=\"https:\/\/signalbhn.org\/es\/politica-de-privacidad\/\" \/>\n<meta property=\"og:locale\" content=\"es_ES\" \/>\n<meta property=\"og:type\" content=\"article\" \/>\n<meta property=\"og:title\" content=\"Pol\u00edtica de privacidad\" \/>\n<meta property=\"og:description\" content=\"Detalles de la Pol\u00edtica de Privacidad Pr\u00f3ximamente&#8230;\" \/>\n<meta property=\"og:url\" content=\"https:\/\/signalbhn.org\/es\/politica-de-privacidad\/\" \/>\n<meta property=\"og:site_name\" content=\"Signal is Connecting Colorado to Behavioral Health\" \/>\n<meta property=\"article:modified_time\" content=\"2025-06-30T17:12:39+00:00\" \/>\n<meta property=\"og:image\" content=\"https:\/\/updates-signal-bhn.pantheonsite.io\/wp-content\/uploads\/2021\/10\/signal-logo-arrows-shadow-3.png\" \/>\n<meta name=\"twitter:card\" content=\"summary_large_image\" \/>\n<script type=\"application\/ld+json\" class=\"yoast-schema-graph\">{\"@context\":\"https:\\\/\\\/schema.org\",\"@graph\":[{\"@type\":\"WebPage\",\"@id\":\"https:\\\/\\\/signalbhn.org\\\/es\\\/politica-de-privacidad\\\/\",\"url\":\"https:\\\/\\\/signalbhn.org\\\/es\\\/politica-de-privacidad\\\/\",\"name\":\"Pol\u00edtica de privacidad\",\"isPartOf\":{\"@id\":\"https:\\\/\\\/signalbhn.org\\\/es\\\/#website\"},\"primaryImageOfPage\":{\"@id\":\"https:\\\/\\\/signalbhn.org\\\/es\\\/politica-de-privacidad\\\/#primaryimage\"},\"image\":{\"@id\":\"https:\\\/\\\/signalbhn.org\\\/es\\\/politica-de-privacidad\\\/#primaryimage\"},\"thumbnailUrl\":\"https:\\\/\\\/updates-signal-bhn.pantheonsite.io\\\/wp-content\\\/uploads\\\/2021\\\/10\\\/signal-logo-arrows-shadow-3.png\",\"datePublished\":\"2021-10-26T00:21:55+00:00\",\"dateModified\":\"2025-06-30T17:12:39+00:00\",\"breadcrumb\":{\"@id\":\"https:\\\/\\\/signalbhn.org\\\/es\\\/politica-de-privacidad\\\/#breadcrumb\"},\"inLanguage\":\"es-ES\",\"potentialAction\":[{\"@type\":\"ReadAction\",\"target\":[\"https:\\\/\\\/signalbhn.org\\\/es\\\/politica-de-privacidad\\\/\"]}]},{\"@type\":\"ImageObject\",\"inLanguage\":\"es-ES\",\"@id\":\"https:\\\/\\\/signalbhn.org\\\/es\\\/politica-de-privacidad\\\/#primaryimage\",\"url\":\"https:\\\/\\\/updates-signal-bhn.pantheonsite.io\\\/wp-content\\\/uploads\\\/2021\\\/10\\\/signal-logo-arrows-shadow-3.png\",\"contentUrl\":\"https:\\\/\\\/updates-signal-bhn.pantheonsite.io\\\/wp-content\\\/uploads\\\/2021\\\/10\\\/signal-logo-arrows-shadow-3.png\"},{\"@type\":\"BreadcrumbList\",\"@id\":\"https:\\\/\\\/signalbhn.org\\\/es\\\/politica-de-privacidad\\\/#breadcrumb\",\"itemListElement\":[{\"@type\":\"ListItem\",\"position\":1,\"name\":\"Home\",\"item\":\"https:\\\/\\\/signalbhn.org\\\/es\\\/\"},{\"@type\":\"ListItem\",\"position\":2,\"name\":\"Pol\u00edtica de privacidad\"}]},{\"@type\":\"WebSite\",\"@id\":\"https:\\\/\\\/signalbhn.org\\\/es\\\/#website\",\"url\":\"https:\\\/\\\/signalbhn.org\\\/es\\\/\",\"name\":\"Signal is Connecting Colorado to Behavioral Health\",\"description\":\"\",\"publisher\":{\"@id\":\"https:\\\/\\\/signalbhn.org\\\/es\\\/#organization\"},\"potentialAction\":[{\"@type\":\"SearchAction\",\"target\":{\"@type\":\"EntryPoint\",\"urlTemplate\":\"https:\\\/\\\/signalbhn.org\\\/es\\\/?s={search_term_string}\"},\"query-input\":{\"@type\":\"PropertyValueSpecification\",\"valueRequired\":true,\"valueName\":\"search_term_string\"}}],\"inLanguage\":\"es-ES\"},{\"@type\":\"Organization\",\"@id\":\"https:\\\/\\\/signalbhn.org\\\/es\\\/#organization\",\"name\":\"Signal is Connecting Colorado to Behavioral Health\",\"url\":\"https:\\\/\\\/signalbhn.org\\\/es\\\/\",\"logo\":{\"@type\":\"ImageObject\",\"inLanguage\":\"es-ES\",\"@id\":\"https:\\\/\\\/signalbhn.org\\\/es\\\/#\\\/schema\\\/logo\\\/image\\\/\",\"url\":\"https:\\\/\\\/signalbhn.org\\\/wp-content\\\/uploads\\\/2021\\\/09\\\/signal-logo-horizontal.svg\",\"contentUrl\":\"https:\\\/\\\/signalbhn.org\\\/wp-content\\\/uploads\\\/2021\\\/09\\\/signal-logo-horizontal.svg\",\"caption\":\"Signal is Connecting Colorado to Behavioral Health\"},\"image\":{\"@id\":\"https:\\\/\\\/signalbhn.org\\\/es\\\/#\\\/schema\\\/logo\\\/image\\\/\"}}]}<\/script>\n<!-- \/ Yoast SEO plugin. -->","yoast_head_json":{"title":"Pol\u00edtica de privacidad","robots":{"index":"index","follow":"follow","max-snippet":"max-snippet:-1","max-image-preview":"max-image-preview:large","max-video-preview":"max-video-preview:-1"},"canonical":"https:\/\/signalbhn.org\/es\/politica-de-privacidad\/","og_locale":"es_ES","og_type":"article","og_title":"Pol\u00edtica de privacidad","og_description":"Detalles de la Pol\u00edtica de Privacidad Pr\u00f3ximamente&#8230;","og_url":"https:\/\/signalbhn.org\/es\/politica-de-privacidad\/","og_site_name":"Signal is Connecting Colorado to Behavioral Health","article_modified_time":"2025-06-30T17:12:39+00:00","og_image":[{"url":"https:\/\/updates-signal-bhn.pantheonsite.io\/wp-content\/uploads\/2021\/10\/signal-logo-arrows-shadow-3.png","type":"","width":"","height":""}],"twitter_card":"summary_large_image","schema":{"@context":"https:\/\/schema.org","@graph":[{"@type":"WebPage","@id":"https:\/\/signalbhn.org\/es\/politica-de-privacidad\/","url":"https:\/\/signalbhn.org\/es\/politica-de-privacidad\/","name":"Pol\u00edtica de privacidad","isPartOf":{"@id":"https:\/\/signalbhn.org\/es\/#website"},"primaryImageOfPage":{"@id":"https:\/\/signalbhn.org\/es\/politica-de-privacidad\/#primaryimage"},"image":{"@id":"https:\/\/signalbhn.org\/es\/politica-de-privacidad\/#primaryimage"},"thumbnailUrl":"https:\/\/updates-signal-bhn.pantheonsite.io\/wp-content\/uploads\/2021\/10\/signal-logo-arrows-shadow-3.png","datePublished":"2021-10-26T00:21:55+00:00","dateModified":"2025-06-30T17:12:39+00:00","breadcrumb":{"@id":"https:\/\/signalbhn.org\/es\/politica-de-privacidad\/#breadcrumb"},"inLanguage":"es-ES","potentialAction":[{"@type":"ReadAction","target":["https:\/\/signalbhn.org\/es\/politica-de-privacidad\/"]}]},{"@type":"ImageObject","inLanguage":"es-ES","@id":"https:\/\/signalbhn.org\/es\/politica-de-privacidad\/#primaryimage","url":"https:\/\/updates-signal-bhn.pantheonsite.io\/wp-content\/uploads\/2021\/10\/signal-logo-arrows-shadow-3.png","contentUrl":"https:\/\/updates-signal-bhn.pantheonsite.io\/wp-content\/uploads\/2021\/10\/signal-logo-arrows-shadow-3.png"},{"@type":"BreadcrumbList","@id":"https:\/\/signalbhn.org\/es\/politica-de-privacidad\/#breadcrumb","itemListElement":[{"@type":"ListItem","position":1,"name":"Home","item":"https:\/\/signalbhn.org\/es\/"},{"@type":"ListItem","position":2,"name":"Pol\u00edtica de privacidad"}]},{"@type":"WebSite","@id":"https:\/\/signalbhn.org\/es\/#website","url":"https:\/\/signalbhn.org\/es\/","name":"Signal is Connecting Colorado to Behavioral Health","description":"","publisher":{"@id":"https:\/\/signalbhn.org\/es\/#organization"},"potentialAction":[{"@type":"SearchAction","target":{"@type":"EntryPoint","urlTemplate":"https:\/\/signalbhn.org\/es\/?s={search_term_string}"},"query-input":{"@type":"PropertyValueSpecification","valueRequired":true,"valueName":"search_term_string"}}],"inLanguage":"es-ES"},{"@type":"Organization","@id":"https:\/\/signalbhn.org\/es\/#organization","name":"Signal is Connecting Colorado to Behavioral Health","url":"https:\/\/signalbhn.org\/es\/","logo":{"@type":"ImageObject","inLanguage":"es-ES","@id":"https:\/\/signalbhn.org\/es\/#\/schema\/logo\/image\/","url":"https:\/\/signalbhn.org\/wp-content\/uploads\/2021\/09\/signal-logo-horizontal.svg","contentUrl":"https:\/\/signalbhn.org\/wp-content\/uploads\/2021\/09\/signal-logo-horizontal.svg","caption":"Signal is Connecting Colorado to Behavioral Health"},"image":{"@id":"https:\/\/signalbhn.org\/es\/#\/schema\/logo\/image\/"}}]}},"_links":{"self":[{"href":"https:\/\/signalbhn.org\/es\/wp-json\/wp\/v2\/pages\/7802","targetHints":{"allow":["GET"]}}],"collection":[{"href":"https:\/\/signalbhn.org\/es\/wp-json\/wp\/v2\/pages"}],"about":[{"href":"https:\/\/signalbhn.org\/es\/wp-json\/wp\/v2\/types\/page"}],"author":[{"embeddable":true,"href":"https:\/\/signalbhn.org\/es\/wp-json\/wp\/v2\/users\/1"}],"replies":[{"embeddable":true,"href":"https:\/\/signalbhn.org\/es\/wp-json\/wp\/v2\/comments?post=7802"}],"version-history":[{"count":1,"href":"https:\/\/signalbhn.org\/es\/wp-json\/wp\/v2\/pages\/7802\/revisions"}],"predecessor-version":[{"id":7803,"href":"https:\/\/signalbhn.org\/es\/wp-json\/wp\/v2\/pages\/7802\/revisions\/7803"}],"wp:attachment":[{"href":"https:\/\/signalbhn.org\/es\/wp-json\/wp\/v2\/media?parent=7802"}],"curies":[{"name":"wp","href":"https:\/\/api.w.org\/{rel}","templated":true}]}}