{"id":7158,"date":"2025-06-16T11:26:16","date_gmt":"2025-06-16T17:26:16","guid":{"rendered":"https:\/\/updates-signal-bhn.pantheonsite.io\/informes-y-documentos\/"},"modified":"2025-08-13T12:52:18","modified_gmt":"2025-08-13T18:52:18","slug":"informes-y-documentos","status":"publish","type":"page","link":"https:\/\/signalbhn.org\/es\/informes-y-documentos\/","title":{"rendered":"Informes y documentos"},"content":{"rendered":"\t\t<div data-elementor-type=\"wp-page\" data-elementor-id=\"7158\" class=\"elementor elementor-7158 elementor-6410\" data-elementor-post-type=\"page\">\n\t\t\t\t\t\t<section class=\"elementor-section elementor-top-section elementor-element elementor-element-7cc77596 elementor-section-content-bottom elementor-section-height-min-height elementor-section-items-bottom elementor-section-boxed elementor-section-height-default\" data-id=\"7cc77596\" data-element_type=\"section\" data-e-type=\"section\" data-settings=\"{&quot;background_background&quot;:&quot;classic&quot;}\">\n\t\t\t\t\t\t\t<div class=\"elementor-background-overlay\"><\/div>\n\t\t\t\t\t\t\t<div class=\"elementor-container elementor-column-gap-no\">\n\t\t\t\t\t<div class=\"elementor-column elementor-col-50 elementor-top-column elementor-element elementor-element-5a1e9310\" data-id=\"5a1e9310\" data-element_type=\"column\" data-e-type=\"column\">\n\t\t\t<div class=\"elementor-widget-wrap elementor-element-populated\">\n\t\t\t\t\t\t\t<\/div>\n\t\t<\/div>\n\t\t\t\t<div class=\"elementor-column elementor-col-50 elementor-top-column elementor-element elementor-element-1c7436e0\" data-id=\"1c7436e0\" data-element_type=\"column\" data-e-type=\"column\">\n\t\t\t<div class=\"elementor-widget-wrap elementor-element-populated\">\n\t\t\t\t\t\t<div class=\"elementor-element elementor-element-7df2934f elementor-widget elementor-widget-image\" data-id=\"7df2934f\" data-element_type=\"widget\" data-e-type=\"widget\" data-widget_type=\"image.default\">\n\t\t\t\t<div class=\"elementor-widget-container\">\n\t\t\t\t\t\t\t\t\t\t\t\t\t\t\t<img decoding=\"async\" width=\"254\" height=\"190\" src=\"https:\/\/signalbhn.org\/wp-content\/uploads\/2021\/10\/signal-logo-arrows-shadow-3.png\" class=\"attachment-full size-full wp-image-7030\" alt=\"\" \/>\t\t\t\t\t\t\t\t\t\t\t\t\t\t\t<\/div>\n\t\t\t\t<\/div>\n\t\t\t\t\t<\/div>\n\t\t<\/div>\n\t\t\t\t\t<\/div>\n\t\t<\/section>\n\t\t\t\t<section class=\"elementor-section elementor-top-section elementor-element elementor-element-0c0122f elementor-section-boxed elementor-section-height-default elementor-section-height-default\" data-id=\"0c0122f\" data-element_type=\"section\" data-e-type=\"section\">\n\t\t\t\t\t\t<div class=\"elementor-container elementor-column-gap-default\">\n\t\t\t\t\t<div class=\"elementor-column elementor-col-100 elementor-top-column elementor-element elementor-element-d63b617\" data-id=\"d63b617\" data-element_type=\"column\" data-e-type=\"column\">\n\t\t\t<div class=\"elementor-widget-wrap elementor-element-populated\">\n\t\t\t\t\t\t<div class=\"elementor-element elementor-element-2872914 elementor-widget elementor-widget-spacer\" data-id=\"2872914\" data-element_type=\"widget\" data-e-type=\"widget\" data-widget_type=\"spacer.default\">\n\t\t\t\t<div class=\"elementor-widget-container\">\n\t\t\t\t\t\t\t<div class=\"elementor-spacer\">\n\t\t\t<div class=\"elementor-spacer-inner\"><\/div>\n\t\t<\/div>\n\t\t\t\t\t\t<\/div>\n\t\t\t\t<\/div>\n\t\t\t\t\t<\/div>\n\t\t<\/div>\n\t\t\t\t\t<\/div>\n\t\t<\/section>\n\t\t\t\t<section class=\"elementor-section elementor-top-section elementor-element elementor-element-6b7a95f elementor-section-content-top elementor-section-boxed elementor-section-height-default elementor-section-height-default\" data-id=\"6b7a95f\" data-element_type=\"section\" data-e-type=\"section\">\n\t\t\t\t\t\t<div class=\"elementor-container elementor-column-gap-no\">\n\t\t\t\t\t<div class=\"elementor-column elementor-col-100 elementor-top-column elementor-element elementor-element-5a1cbfd\" data-id=\"5a1cbfd\" data-element_type=\"column\" data-e-type=\"column\">\n\t\t\t<div class=\"elementor-widget-wrap elementor-element-populated\">\n\t\t\t\t\t\t<div class=\"elementor-element elementor-element-e66aeba elementor-widget elementor-widget-spacer\" data-id=\"e66aeba\" data-element_type=\"widget\" data-e-type=\"widget\" data-widget_type=\"spacer.default\">\n\t\t\t\t<div class=\"elementor-widget-container\">\n\t\t\t\t\t\t\t<div class=\"elementor-spacer\">\n\t\t\t<div class=\"elementor-spacer-inner\"><\/div>\n\t\t<\/div>\n\t\t\t\t\t\t<\/div>\n\t\t\t\t<\/div>\n\t\t\t\t\t<\/div>\n\t\t<\/div>\n\t\t\t\t\t<\/div>\n\t\t<\/section>\n\t\t\t\t<section class=\"elementor-section elementor-top-section elementor-element elementor-element-9160682 elementor-section-full_width elementor-section-content-middle top-bottom-branded-design top-yellow top-yellow bottom-purple elementor-section-height-default elementor-section-height-default\" data-id=\"9160682\" data-element_type=\"section\" data-e-type=\"section\">\n\t\t\t\t\t\t<div class=\"elementor-container elementor-column-gap-default\">\n\t\t\t\t\t<div class=\"elementor-column elementor-col-100 elementor-top-column elementor-element elementor-element-68903d3\" data-id=\"68903d3\" data-element_type=\"column\" data-e-type=\"column\" data-settings=\"{&quot;background_background&quot;:&quot;classic&quot;}\">\n\t\t\t<div class=\"elementor-widget-wrap elementor-element-populated\">\n\t\t\t\t\t\t<section class=\"elementor-section elementor-inner-section elementor-element elementor-element-fccd247 elementor-section-boxed elementor-section-height-default elementor-section-height-default\" data-id=\"fccd247\" data-element_type=\"section\" data-e-type=\"section\">\n\t\t\t\t\t\t<div class=\"elementor-container elementor-column-gap-default\">\n\t\t\t\t\t<div class=\"elementor-column elementor-col-100 elementor-inner-column elementor-element elementor-element-e50a4f2\" data-id=\"e50a4f2\" data-element_type=\"column\" data-e-type=\"column\">\n\t\t\t<div class=\"elementor-widget-wrap elementor-element-populated\">\n\t\t\t\t\t\t<div class=\"elementor-element elementor-element-06b38c3 elementor-widget elementor-widget-text-editor\" data-id=\"06b38c3\" data-element_type=\"widget\" data-e-type=\"widget\" data-widget_type=\"text-editor.default\">\n\t\t\t\t<div class=\"elementor-widget-container\">\n\t\t\t\t\t\t\t\t\t<p>La puesta en marcha de las Organizaciones de Servicios Administrativos de Salud Mental (BHASO) y la red racionalizada de servicios de la red de seguridad que coordinan es un gran paso adelante en la transformaci\u00f3n en curso del sistema de salud mental de Colorado. El modelo BHASO es una piedra angular <a href=\"https:\/\/bha.colorado.gov\/about\/who-we-are\/our-origins-behavioral-health-taskforce\">del Grupo de Trabajo de Salud Mental del Gobernador (BHTF<\/a>), los \u201cTres Grandes\u201d de la reforma sist\u00e9mica, ya que est\u00e1 dise\u00f1ado a largo plazo para aumentar el acceso de la poblaci\u00f3n de Colorado y agilizar los procesos administrativos de los proveedores de salud mental de Colorado.<\/p>\t\t\t\t\t\t\t\t<\/div>\n\t\t\t\t<\/div>\n\t\t\t\t<div class=\"elementor-element elementor-element-9037cca elementor-align-center elementor-widget elementor-widget-button\" data-id=\"9037cca\" data-element_type=\"widget\" data-e-type=\"widget\" data-widget_type=\"button.default\">\n\t\t\t\t<div class=\"elementor-widget-container\">\n\t\t\t\t\t\t\t\t\t<div class=\"elementor-button-wrapper\">\n\t\t\t\t\t<a class=\"elementor-button elementor-button-link elementor-size-sm\" href=\"https:\/\/signalbhn.org\/es\/comunidad\/\">\n\t\t\t\t\t\t<span class=\"elementor-button-content-wrapper\">\n\t\t\t\t\t\t\t\t\t<span class=\"elementor-button-text\">Volver a la p\u00e1gina de la Comunidad<\/span>\n\t\t\t\t\t<\/span>\n\t\t\t\t\t<\/a>\n\t\t\t\t<\/div>\n\t\t\t\t\t\t\t\t<\/div>\n\t\t\t\t<\/div>\n\t\t\t\t\t<\/div>\n\t\t<\/div>\n\t\t\t\t\t<\/div>\n\t\t<\/section>\n\t\t\t\t\t<\/div>\n\t\t<\/div>\n\t\t\t\t\t<\/div>\n\t\t<\/section>\n\t\t\t\t<section class=\"elementor-section elementor-top-section elementor-element elementor-element-bad8d5b elementor-section-content-top elementor-section-boxed elementor-section-height-default elementor-section-height-default\" data-id=\"bad8d5b\" data-element_type=\"section\" data-e-type=\"section\">\n\t\t\t\t\t\t<div class=\"elementor-container elementor-column-gap-no\">\n\t\t\t\t\t<div class=\"elementor-column elementor-col-100 elementor-top-column elementor-element elementor-element-e5384c7\" data-id=\"e5384c7\" data-element_type=\"column\" data-e-type=\"column\">\n\t\t\t<div class=\"elementor-widget-wrap elementor-element-populated\">\n\t\t\t\t\t\t<div class=\"elementor-element elementor-element-7875224 elementor-widget elementor-widget-spacer\" data-id=\"7875224\" data-element_type=\"widget\" data-e-type=\"widget\" data-widget_type=\"spacer.default\">\n\t\t\t\t<div class=\"elementor-widget-container\">\n\t\t\t\t\t\t\t<div class=\"elementor-spacer\">\n\t\t\t<div class=\"elementor-spacer-inner\"><\/div>\n\t\t<\/div>\n\t\t\t\t\t\t<\/div>\n\t\t\t\t<\/div>\n\t\t\t\t\t<\/div>\n\t\t<\/div>\n\t\t\t\t\t<\/div>\n\t\t<\/section>\n\t\t\t\t<section class=\"elementor-section elementor-top-section elementor-element elementor-element-1567dee elementor-section-boxed elementor-section-height-default elementor-section-height-default\" data-id=\"1567dee\" data-element_type=\"section\" data-e-type=\"section\">\n\t\t\t\t\t\t<div class=\"elementor-container elementor-column-gap-default\">\n\t\t\t\t\t<div class=\"elementor-column elementor-col-100 elementor-top-column elementor-element elementor-element-85ebce9\" data-id=\"85ebce9\" data-element_type=\"column\" data-e-type=\"column\">\n\t\t\t<div class=\"elementor-widget-wrap elementor-element-populated\">\n\t\t\t\t\t\t<div class=\"elementor-element elementor-element-856dc98 elementor-widget elementor-widget-spacer\" data-id=\"856dc98\" data-element_type=\"widget\" data-e-type=\"widget\" data-widget_type=\"spacer.default\">\n\t\t\t\t<div class=\"elementor-widget-container\">\n\t\t\t\t\t\t\t<div class=\"elementor-spacer\">\n\t\t\t<div class=\"elementor-spacer-inner\"><\/div>\n\t\t<\/div>\n\t\t\t\t\t\t<\/div>\n\t\t\t\t<\/div>\n\t\t\t\t\t<\/div>\n\t\t<\/div>\n\t\t\t\t\t<\/div>\n\t\t<\/section>\n\t\t\t\t<\/div>\n\t\t","protected":false},"excerpt":{"rendered":"<p>La puesta en marcha de las Organizaciones de Servicios Administrativos de Salud Mental (BHASO) y la red racionalizada de servicios de la red de seguridad que coordinan es un gran paso adelante en la transformaci\u00f3n en curso del sistema de salud mental de Colorado. El modelo BHASO es una piedra angular del Grupo de Trabajo [&hellip;]<\/p>\n","protected":false},"author":1,"featured_media":0,"parent":0,"menu_order":0,"comment_status":"closed","ping_status":"closed","template":"elementor_header_footer","meta":{"_acf_changed":false,"site-sidebar-layout":"no-sidebar","site-content-layout":"page-builder","ast-site-content-layout":"full-width-container","site-content-style":"default","site-sidebar-style":"default","ast-global-header-display":"","ast-banner-title-visibility":"","ast-main-header-display":"","ast-hfb-above-header-display":"","ast-hfb-below-header-display":"","ast-hfb-mobile-header-display":"","site-post-title":"","ast-breadcrumbs-content":"","ast-featured-img":"disabled","footer-sml-layout":"","ast-disable-related-posts":"","theme-transparent-header-meta":"","adv-header-id-meta":"","stick-header-meta":"","header-above-stick-meta":"","header-main-stick-meta":"","header-below-stick-meta":"","astra-migrate-meta-layouts":"default","ast-page-background-enabled":"default","ast-page-background-meta":{"desktop":{"background-color":"var(--ast-global-color-4)","background-image":"","background-repeat":"repeat","background-position":"center center","background-size":"auto","background-attachment":"scroll","background-type":"","background-media":"","overlay-type":"","overlay-color":"","overlay-opacity":"","overlay-gradient":""},"tablet":{"background-color":"","background-image":"","background-repeat":"repeat","background-position":"center center","background-size":"auto","background-attachment":"scroll","background-type":"","background-media":"","overlay-type":"","overlay-color":"","overlay-opacity":"","overlay-gradient":""},"mobile":{"background-color":"","background-image":"","background-repeat":"repeat","background-position":"center center","background-size":"auto","background-attachment":"scroll","background-type":"","background-media":"","overlay-type":"","overlay-color":"","overlay-opacity":"","overlay-gradient":""}},"ast-content-background-meta":{"desktop":{"background-color":"var(--ast-global-color-5)","background-image":"","background-repeat":"repeat","background-position":"center center","background-size":"auto","background-attachment":"scroll","background-type":"","background-media":"","overlay-type":"","overlay-color":"","overlay-opacity":"","overlay-gradient":""},"tablet":{"background-color":"var(--ast-global-color-5)","background-image":"","background-repeat":"repeat","background-position":"center center","background-size":"auto","background-attachment":"scroll","background-type":"","background-media":"","overlay-type":"","overlay-color":"","overlay-opacity":"","overlay-gradient":""},"mobile":{"background-color":"var(--ast-global-color-5)","background-image":"","background-repeat":"repeat","background-position":"center center","background-size":"auto","background-attachment":"scroll","background-type":"","background-media":"","overlay-type":"","overlay-color":"","overlay-opacity":"","overlay-gradient":""}},"footnotes":""},"class_list":["post-7158","page","type-page","status-publish","hentry"],"acf":[],"yoast_head":"<!-- This site is optimized with the Yoast SEO plugin v27.3 - https:\/\/yoast.com\/product\/yoast-seo-wordpress\/ -->\n<title>Signal is Connecting Colorado to Behavioral Health - Informes y documentos<\/title>\n<meta name=\"robots\" content=\"index, follow, max-snippet:-1, max-image-preview:large, max-video-preview:-1\" \/>\n<link rel=\"canonical\" href=\"https:\/\/signalbhn.org\/es\/informes-y-documentos\/\" \/>\n<meta property=\"og:locale\" content=\"es_ES\" \/>\n<meta property=\"og:type\" content=\"article\" \/>\n<meta property=\"og:title\" content=\"Signal is Connecting Colorado to Behavioral Health - Informes y documentos\" \/>\n<meta property=\"og:description\" content=\"La puesta en marcha de las Organizaciones de Servicios Administrativos de Salud Mental (BHASO) y la red racionalizada de servicios de la red de seguridad que coordinan es un gran paso adelante en la transformaci\u00f3n en curso del sistema de salud mental de Colorado. El modelo BHASO es una piedra angular del Grupo de Trabajo [&hellip;]\" \/>\n<meta property=\"og:url\" content=\"https:\/\/signalbhn.org\/es\/informes-y-documentos\/\" \/>\n<meta property=\"og:site_name\" content=\"Signal is Connecting Colorado to Behavioral Health\" \/>\n<meta property=\"article:modified_time\" content=\"2025-08-13T18:52:18+00:00\" \/>\n<meta property=\"og:image\" content=\"https:\/\/signalbhn.org\/wp-content\/uploads\/2021\/10\/signal-logo-arrows-shadow-3.png\" \/>\n<meta name=\"twitter:card\" content=\"summary_large_image\" \/>\n<meta name=\"twitter:label1\" content=\"Est. reading time\" \/>\n\t<meta name=\"twitter:data1\" content=\"1 minute\" \/>\n<script type=\"application\/ld+json\" class=\"yoast-schema-graph\">{\"@context\":\"https:\\\/\\\/schema.org\",\"@graph\":[{\"@type\":\"WebPage\",\"@id\":\"https:\\\/\\\/signalbhn.org\\\/es\\\/informes-y-documentos\\\/\",\"url\":\"https:\\\/\\\/signalbhn.org\\\/es\\\/informes-y-documentos\\\/\",\"name\":\"Signal is Connecting Colorado to Behavioral Health - Informes y documentos\",\"isPartOf\":{\"@id\":\"https:\\\/\\\/signalbhn.org\\\/es\\\/#website\"},\"primaryImageOfPage\":{\"@id\":\"https:\\\/\\\/signalbhn.org\\\/es\\\/informes-y-documentos\\\/#primaryimage\"},\"image\":{\"@id\":\"https:\\\/\\\/signalbhn.org\\\/es\\\/informes-y-documentos\\\/#primaryimage\"},\"thumbnailUrl\":\"https:\\\/\\\/signalbhn.org\\\/wp-content\\\/uploads\\\/2021\\\/10\\\/signal-logo-arrows-shadow-3.png\",\"datePublished\":\"2025-06-16T17:26:16+00:00\",\"dateModified\":\"2025-08-13T18:52:18+00:00\",\"breadcrumb\":{\"@id\":\"https:\\\/\\\/signalbhn.org\\\/es\\\/informes-y-documentos\\\/#breadcrumb\"},\"inLanguage\":\"es-ES\",\"potentialAction\":[{\"@type\":\"ReadAction\",\"target\":[\"https:\\\/\\\/signalbhn.org\\\/es\\\/informes-y-documentos\\\/\"]}]},{\"@type\":\"ImageObject\",\"inLanguage\":\"es-ES\",\"@id\":\"https:\\\/\\\/signalbhn.org\\\/es\\\/informes-y-documentos\\\/#primaryimage\",\"url\":\"https:\\\/\\\/signalbhn.org\\\/wp-content\\\/uploads\\\/2021\\\/10\\\/signal-logo-arrows-shadow-3.png\",\"contentUrl\":\"https:\\\/\\\/signalbhn.org\\\/wp-content\\\/uploads\\\/2021\\\/10\\\/signal-logo-arrows-shadow-3.png\"},{\"@type\":\"BreadcrumbList\",\"@id\":\"https:\\\/\\\/signalbhn.org\\\/es\\\/informes-y-documentos\\\/#breadcrumb\",\"itemListElement\":[{\"@type\":\"ListItem\",\"position\":1,\"name\":\"Home\",\"item\":\"https:\\\/\\\/signalbhn.org\\\/es\\\/\"},{\"@type\":\"ListItem\",\"position\":2,\"name\":\"Informes y documentos\"}]},{\"@type\":\"WebSite\",\"@id\":\"https:\\\/\\\/signalbhn.org\\\/es\\\/#website\",\"url\":\"https:\\\/\\\/signalbhn.org\\\/es\\\/\",\"name\":\"Signal is Connecting Colorado to Behavioral Health\",\"description\":\"\",\"publisher\":{\"@id\":\"https:\\\/\\\/signalbhn.org\\\/es\\\/#organization\"},\"potentialAction\":[{\"@type\":\"SearchAction\",\"target\":{\"@type\":\"EntryPoint\",\"urlTemplate\":\"https:\\\/\\\/signalbhn.org\\\/es\\\/?s={search_term_string}\"},\"query-input\":{\"@type\":\"PropertyValueSpecification\",\"valueRequired\":true,\"valueName\":\"search_term_string\"}}],\"inLanguage\":\"es-ES\"},{\"@type\":\"Organization\",\"@id\":\"https:\\\/\\\/signalbhn.org\\\/es\\\/#organization\",\"name\":\"Signal is Connecting Colorado to Behavioral Health\",\"url\":\"https:\\\/\\\/signalbhn.org\\\/es\\\/\",\"logo\":{\"@type\":\"ImageObject\",\"inLanguage\":\"es-ES\",\"@id\":\"https:\\\/\\\/signalbhn.org\\\/es\\\/#\\\/schema\\\/logo\\\/image\\\/\",\"url\":\"https:\\\/\\\/signalbhn.org\\\/wp-content\\\/uploads\\\/2021\\\/09\\\/signal-logo-horizontal.svg\",\"contentUrl\":\"https:\\\/\\\/signalbhn.org\\\/wp-content\\\/uploads\\\/2021\\\/09\\\/signal-logo-horizontal.svg\",\"caption\":\"Signal is Connecting Colorado to Behavioral Health\"},\"image\":{\"@id\":\"https:\\\/\\\/signalbhn.org\\\/es\\\/#\\\/schema\\\/logo\\\/image\\\/\"}}]}<\/script>\n<!-- \/ Yoast SEO plugin. -->","yoast_head_json":{"title":"Signal is Connecting Colorado to Behavioral Health - Informes y documentos","robots":{"index":"index","follow":"follow","max-snippet":"max-snippet:-1","max-image-preview":"max-image-preview:large","max-video-preview":"max-video-preview:-1"},"canonical":"https:\/\/signalbhn.org\/es\/informes-y-documentos\/","og_locale":"es_ES","og_type":"article","og_title":"Signal is Connecting Colorado to Behavioral Health - Informes y documentos","og_description":"La puesta en marcha de las Organizaciones de Servicios Administrativos de Salud Mental (BHASO) y la red racionalizada de servicios de la red de seguridad que coordinan es un gran paso adelante en la transformaci\u00f3n en curso del sistema de salud mental de Colorado. El modelo BHASO es una piedra angular del Grupo de Trabajo [&hellip;]","og_url":"https:\/\/signalbhn.org\/es\/informes-y-documentos\/","og_site_name":"Signal is Connecting Colorado to Behavioral Health","article_modified_time":"2025-08-13T18:52:18+00:00","og_image":[{"url":"https:\/\/signalbhn.org\/wp-content\/uploads\/2021\/10\/signal-logo-arrows-shadow-3.png","type":"","width":"","height":""}],"twitter_card":"summary_large_image","twitter_misc":{"Est. reading time":"1 minute"},"schema":{"@context":"https:\/\/schema.org","@graph":[{"@type":"WebPage","@id":"https:\/\/signalbhn.org\/es\/informes-y-documentos\/","url":"https:\/\/signalbhn.org\/es\/informes-y-documentos\/","name":"Signal is Connecting Colorado to Behavioral Health - Informes y documentos","isPartOf":{"@id":"https:\/\/signalbhn.org\/es\/#website"},"primaryImageOfPage":{"@id":"https:\/\/signalbhn.org\/es\/informes-y-documentos\/#primaryimage"},"image":{"@id":"https:\/\/signalbhn.org\/es\/informes-y-documentos\/#primaryimage"},"thumbnailUrl":"https:\/\/signalbhn.org\/wp-content\/uploads\/2021\/10\/signal-logo-arrows-shadow-3.png","datePublished":"2025-06-16T17:26:16+00:00","dateModified":"2025-08-13T18:52:18+00:00","breadcrumb":{"@id":"https:\/\/signalbhn.org\/es\/informes-y-documentos\/#breadcrumb"},"inLanguage":"es-ES","potentialAction":[{"@type":"ReadAction","target":["https:\/\/signalbhn.org\/es\/informes-y-documentos\/"]}]},{"@type":"ImageObject","inLanguage":"es-ES","@id":"https:\/\/signalbhn.org\/es\/informes-y-documentos\/#primaryimage","url":"https:\/\/signalbhn.org\/wp-content\/uploads\/2021\/10\/signal-logo-arrows-shadow-3.png","contentUrl":"https:\/\/signalbhn.org\/wp-content\/uploads\/2021\/10\/signal-logo-arrows-shadow-3.png"},{"@type":"BreadcrumbList","@id":"https:\/\/signalbhn.org\/es\/informes-y-documentos\/#breadcrumb","itemListElement":[{"@type":"ListItem","position":1,"name":"Home","item":"https:\/\/signalbhn.org\/es\/"},{"@type":"ListItem","position":2,"name":"Informes y documentos"}]},{"@type":"WebSite","@id":"https:\/\/signalbhn.org\/es\/#website","url":"https:\/\/signalbhn.org\/es\/","name":"Signal is Connecting Colorado to Behavioral Health","description":"","publisher":{"@id":"https:\/\/signalbhn.org\/es\/#organization"},"potentialAction":[{"@type":"SearchAction","target":{"@type":"EntryPoint","urlTemplate":"https:\/\/signalbhn.org\/es\/?s={search_term_string}"},"query-input":{"@type":"PropertyValueSpecification","valueRequired":true,"valueName":"search_term_string"}}],"inLanguage":"es-ES"},{"@type":"Organization","@id":"https:\/\/signalbhn.org\/es\/#organization","name":"Signal is Connecting Colorado to Behavioral Health","url":"https:\/\/signalbhn.org\/es\/","logo":{"@type":"ImageObject","inLanguage":"es-ES","@id":"https:\/\/signalbhn.org\/es\/#\/schema\/logo\/image\/","url":"https:\/\/signalbhn.org\/wp-content\/uploads\/2021\/09\/signal-logo-horizontal.svg","contentUrl":"https:\/\/signalbhn.org\/wp-content\/uploads\/2021\/09\/signal-logo-horizontal.svg","caption":"Signal is Connecting Colorado to Behavioral Health"},"image":{"@id":"https:\/\/signalbhn.org\/es\/#\/schema\/logo\/image\/"}}]}},"_links":{"self":[{"href":"https:\/\/signalbhn.org\/es\/wp-json\/wp\/v2\/pages\/7158","targetHints":{"allow":["GET"]}}],"collection":[{"href":"https:\/\/signalbhn.org\/es\/wp-json\/wp\/v2\/pages"}],"about":[{"href":"https:\/\/signalbhn.org\/es\/wp-json\/wp\/v2\/types\/page"}],"author":[{"embeddable":true,"href":"https:\/\/signalbhn.org\/es\/wp-json\/wp\/v2\/users\/1"}],"replies":[{"embeddable":true,"href":"https:\/\/signalbhn.org\/es\/wp-json\/wp\/v2\/comments?post=7158"}],"version-history":[{"count":4,"href":"https:\/\/signalbhn.org\/es\/wp-json\/wp\/v2\/pages\/7158\/revisions"}],"predecessor-version":[{"id":8029,"href":"https:\/\/signalbhn.org\/es\/wp-json\/wp\/v2\/pages\/7158\/revisions\/8029"}],"wp:attachment":[{"href":"https:\/\/signalbhn.org\/es\/wp-json\/wp\/v2\/media?parent=7158"}],"curies":[{"name":"wp","href":"https:\/\/api.w.org\/{rel}","templated":true}]}}