{"id":7155,"date":"2025-06-19T21:28:51","date_gmt":"2025-06-20T03:28:51","guid":{"rendered":"https:\/\/updates-signal-bhn.pantheonsite.io\/quejas\/"},"modified":"2025-08-13T12:52:22","modified_gmt":"2025-08-13T18:52:22","slug":"quejas","status":"publish","type":"page","link":"https:\/\/signalbhn.org\/es\/quejas\/","title":{"rendered":"Quejas"},"content":{"rendered":"\t\t<div data-elementor-type=\"wp-page\" data-elementor-id=\"7155\" class=\"elementor elementor-7155 elementor-6758\" data-elementor-post-type=\"page\">\n\t\t\t\t\t\t<section class=\"elementor-section elementor-top-section elementor-element elementor-element-b4d39ce elementor-section-content-bottom elementor-section-height-min-height elementor-section-items-bottom elementor-section-boxed elementor-section-height-default\" data-id=\"b4d39ce\" data-element_type=\"section\" data-e-type=\"section\" data-settings=\"{&quot;background_background&quot;:&quot;classic&quot;}\">\n\t\t\t\t\t\t\t<div class=\"elementor-background-overlay\"><\/div>\n\t\t\t\t\t\t\t<div class=\"elementor-container elementor-column-gap-no\">\n\t\t\t\t\t<div class=\"elementor-column elementor-col-50 elementor-top-column elementor-element elementor-element-7e0e5bc9\" data-id=\"7e0e5bc9\" data-element_type=\"column\" data-e-type=\"column\">\n\t\t\t<div class=\"elementor-widget-wrap elementor-element-populated\">\n\t\t\t\t\t\t\t<\/div>\n\t\t<\/div>\n\t\t\t\t<div class=\"elementor-column elementor-col-50 elementor-top-column elementor-element elementor-element-280e828b\" data-id=\"280e828b\" data-element_type=\"column\" data-e-type=\"column\">\n\t\t\t<div class=\"elementor-widget-wrap elementor-element-populated\">\n\t\t\t\t\t\t<div class=\"elementor-element elementor-element-3a83b3d1 elementor-widget elementor-widget-image\" data-id=\"3a83b3d1\" data-element_type=\"widget\" data-e-type=\"widget\" data-widget_type=\"image.default\">\n\t\t\t\t<div class=\"elementor-widget-container\">\n\t\t\t\t\t\t\t\t\t\t\t\t\t\t\t<img decoding=\"async\" width=\"254\" height=\"190\" src=\"https:\/\/signalbhn.org\/wp-content\/uploads\/2021\/10\/signal-logo-arrows-shadow-3.png\" class=\"attachment-full size-full wp-image-7030\" alt=\"\" \/>\t\t\t\t\t\t\t\t\t\t\t\t\t\t\t<\/div>\n\t\t\t\t<\/div>\n\t\t\t\t\t<\/div>\n\t\t<\/div>\n\t\t\t\t\t<\/div>\n\t\t<\/section>\n\t\t\t\t<section class=\"elementor-section elementor-top-section elementor-element elementor-element-3872c9c elementor-section-boxed elementor-section-height-default elementor-section-height-default\" data-id=\"3872c9c\" data-element_type=\"section\" data-e-type=\"section\">\n\t\t\t\t\t\t<div class=\"elementor-container elementor-column-gap-no\">\n\t\t\t\t\t<div class=\"elementor-column elementor-col-100 elementor-top-column elementor-element elementor-element-1bd18bb\" data-id=\"1bd18bb\" data-element_type=\"column\" data-e-type=\"column\">\n\t\t\t<div class=\"elementor-widget-wrap elementor-element-populated\">\n\t\t\t\t\t\t<div class=\"elementor-element elementor-element-56d1d4e elementor-widget elementor-widget-spacer\" data-id=\"56d1d4e\" data-element_type=\"widget\" data-e-type=\"widget\" data-widget_type=\"spacer.default\">\n\t\t\t\t<div class=\"elementor-widget-container\">\n\t\t\t\t\t\t\t<div class=\"elementor-spacer\">\n\t\t\t<div class=\"elementor-spacer-inner\"><\/div>\n\t\t<\/div>\n\t\t\t\t\t\t<\/div>\n\t\t\t\t<\/div>\n\t\t\t\t\t<\/div>\n\t\t<\/div>\n\t\t\t\t\t<\/div>\n\t\t<\/section>\n\t\t\t\t<section class=\"elementor-section elementor-top-section elementor-element elementor-element-ad6e228 elementor-section-boxed elementor-section-height-default elementor-section-height-default\" data-id=\"ad6e228\" data-element_type=\"section\" data-e-type=\"section\" data-settings=\"{&quot;background_background&quot;:&quot;classic&quot;}\">\n\t\t\t\t\t\t<div class=\"elementor-container elementor-column-gap-wider\">\n\t\t\t\t\t<div class=\"elementor-column elementor-col-50 elementor-top-column elementor-element elementor-element-abe8a59\" data-id=\"abe8a59\" data-element_type=\"column\" data-e-type=\"column\">\n\t\t\t<div class=\"elementor-widget-wrap elementor-element-populated\">\n\t\t\t\t\t\t<div class=\"elementor-element elementor-element-aab4ab5 elementor-widget elementor-widget-heading\" data-id=\"aab4ab5\" data-element_type=\"widget\" data-e-type=\"widget\" data-widget_type=\"heading.default\">\n\t\t\t\t<div class=\"elementor-widget-container\">\n\t\t\t\t\t<h2 class=\"elementor-heading-title elementor-size-default\">\u00bfPreocupaciones sobre tu asistencia?<\/h2>\t\t\t\t<\/div>\n\t\t\t\t<\/div>\n\t\t\t\t<div class=\"elementor-element elementor-element-fbea41f elementor-widget elementor-widget-text-editor\" data-id=\"fbea41f\" data-element_type=\"widget\" data-e-type=\"widget\" data-widget_type=\"text-editor.default\">\n\t\t\t\t<div class=\"elementor-widget-container\">\n\t\t\t\t\t\t\t\t\t<p>Tus servicios pueden financiarse parcial o totalmente con fondos estatales y federales y ponerse a tu disposici\u00f3n a trav\u00e9s de Signal. Signal trabaja con la Administraci\u00f3n de Salud Mental del Estado de Colorado para apoyar el acceso a los servicios de salud mental. Nuestro objetivo es garantizar que te sientas seguro y que recibas una atenci\u00f3n de alta calidad.  <\/p><p>Signal busca trabajar con grandes socios en la prestaci\u00f3n de servicios de calidad. Sin embargo, si alguna vez tienes dudas o quieres compartir una queja sobre tu atenci\u00f3n, queremos ayudarte.<\/p><p>Rellena el <a href=\"https:\/\/forms.office.com\/Pages\/ResponsePage.aspx?id=qCERhQ4JSEePZsrOge3fibdC9iyt7oxLpLlFer9L059UNUE2WUpGMThCUkROOU1OT0dDNjJEMTMzVi4u\" target=\"_blank\" rel=\"noopener\"><strong>Formulario de reclamaci\u00f3n<\/strong> <\/a>o ll\u00e1manos al <a href=\"tel:7202798700\">720-279-8700<\/a><\/p>\t\t\t\t\t\t\t\t<\/div>\n\t\t\t\t<\/div>\n\t\t\t\t\t<\/div>\n\t\t<\/div>\n\t\t\t\t<div class=\"elementor-column elementor-col-50 elementor-top-column elementor-element elementor-element-8d899ec\" data-id=\"8d899ec\" data-element_type=\"column\" data-e-type=\"column\" data-settings=\"{&quot;background_background&quot;:&quot;classic&quot;}\">\n\t\t\t<div class=\"elementor-widget-wrap elementor-element-populated\">\n\t\t\t\t\t\t<div class=\"elementor-element elementor-element-441c54f image-with-border top-yellow bottom-blue elementor-widget elementor-widget-image\" data-id=\"441c54f\" data-element_type=\"widget\" data-e-type=\"widget\" data-widget_type=\"image.default\">\n\t\t\t\t<div class=\"elementor-widget-container\">\n\t\t\t\t\t\t\t\t\t\t\t\t\t\t\t<img fetchpriority=\"high\" decoding=\"async\" width=\"940\" height=\"627\" src=\"https:\/\/signalbhn.org\/wp-content\/uploads\/2025\/06\/pexels-photo-7689884-7689884.jpg\" class=\"attachment-large size-large wp-image-7128\" alt=\"Friendly woman in a call center environment, wearing a headset and smiling.\" srcset=\"https:\/\/signalbhn.org\/wp-content\/uploads\/2025\/06\/pexels-photo-7689884-7689884.jpg 940w, https:\/\/signalbhn.org\/wp-content\/uploads\/2025\/06\/pexels-photo-7689884-7689884-300x200.jpg 300w, https:\/\/signalbhn.org\/wp-content\/uploads\/2025\/06\/pexels-photo-7689884-7689884-768x512.jpg 768w\" sizes=\"(max-width: 940px) 100vw, 940px\" \/>\t\t\t\t\t\t\t\t\t\t\t\t\t\t\t<\/div>\n\t\t\t\t<\/div>\n\t\t\t\t\t<\/div>\n\t\t<\/div>\n\t\t\t\t\t<\/div>\n\t\t<\/section>\n\t\t\t\t<section class=\"elementor-section elementor-top-section elementor-element elementor-element-c3932a5 elementor-section-content-top elementor-section-boxed elementor-section-height-default elementor-section-height-default\" data-id=\"c3932a5\" data-element_type=\"section\" data-e-type=\"section\">\n\t\t\t\t\t\t<div class=\"elementor-container elementor-column-gap-no\">\n\t\t\t\t\t<div class=\"elementor-column elementor-col-100 elementor-top-column elementor-element elementor-element-6bb9845\" data-id=\"6bb9845\" data-element_type=\"column\" data-e-type=\"column\">\n\t\t\t<div class=\"elementor-widget-wrap elementor-element-populated\">\n\t\t\t\t\t\t<div class=\"elementor-element elementor-element-591bbfe elementor-widget elementor-widget-spacer\" data-id=\"591bbfe\" data-element_type=\"widget\" data-e-type=\"widget\" data-widget_type=\"spacer.default\">\n\t\t\t\t<div class=\"elementor-widget-container\">\n\t\t\t\t\t\t\t<div class=\"elementor-spacer\">\n\t\t\t<div class=\"elementor-spacer-inner\"><\/div>\n\t\t<\/div>\n\t\t\t\t\t\t<\/div>\n\t\t\t\t<\/div>\n\t\t\t\t\t<\/div>\n\t\t<\/div>\n\t\t\t\t\t<\/div>\n\t\t<\/section>\n\t\t\t\t<section class=\"elementor-section elementor-top-section elementor-element elementor-element-5600140 elementor-section-full_width elementor-section-content-middle top-bottom-branded-design top-yellow top-yellow bottom-purple elementor-section-height-default elementor-section-height-default\" data-id=\"5600140\" data-element_type=\"section\" data-e-type=\"section\">\n\t\t\t\t\t\t<div class=\"elementor-container elementor-column-gap-wider\">\n\t\t\t\t\t<div class=\"elementor-column elementor-col-100 elementor-top-column elementor-element elementor-element-8dde0ba\" data-id=\"8dde0ba\" data-element_type=\"column\" data-e-type=\"column\" data-settings=\"{&quot;background_background&quot;:&quot;classic&quot;}\">\n\t\t\t<div class=\"elementor-widget-wrap elementor-element-populated\">\n\t\t\t\t\t\t<section class=\"elementor-section elementor-inner-section elementor-element elementor-element-f41e3d6 elementor-section-boxed elementor-section-height-default elementor-section-height-default\" data-id=\"f41e3d6\" data-element_type=\"section\" data-e-type=\"section\">\n\t\t\t\t\t\t<div class=\"elementor-container elementor-column-gap-default\">\n\t\t\t\t\t<div class=\"elementor-column elementor-col-100 elementor-inner-column elementor-element elementor-element-2ade7e0\" data-id=\"2ade7e0\" data-element_type=\"column\" data-e-type=\"column\">\n\t\t\t<div class=\"elementor-widget-wrap elementor-element-populated\">\n\t\t\t\t\t\t<div class=\"elementor-element elementor-element-4e22d5d elementor-widget elementor-widget-text-editor\" data-id=\"4e22d5d\" data-element_type=\"widget\" data-e-type=\"widget\" data-widget_type=\"text-editor.default\">\n\t\t\t\t<div class=\"elementor-widget-container\">\n\t\t\t\t\t\t\t\t\t<p>Cuando facilites informaci\u00f3n a trav\u00e9s de cualquiera de estos m\u00e9todos, incluye tu nombre, n\u00famero de tel\u00e9fono, direcci\u00f3n de correo electr\u00f3nico, la naturaleza de la queja y la agencia proveedora sobre la que tienes una preocupaci\u00f3n o queja. Alguien de nuestro equipo de control de calidad te devolver\u00e1 la llamada o el correo electr\u00f3nico en el plazo de un d\u00eda laborable.<\/p><p>Nuestro objetivo es investigar todas las quejas y ayudar a garantizar que todas las agencias proveedoras prestan servicios de calidad.<\/p><p>Los clientes tambi\u00e9n pueden presentar quejas ante el Defensor del Pueblo de la salud mental, llamando al <a href=\"tel:3035514190\">303-551-4190<\/a><\/p>\t\t\t\t\t\t\t\t<\/div>\n\t\t\t\t<\/div>\n\t\t\t\t\t<\/div>\n\t\t<\/div>\n\t\t\t\t\t<\/div>\n\t\t<\/section>\n\t\t\t\t\t<\/div>\n\t\t<\/div>\n\t\t\t\t\t<\/div>\n\t\t<\/section>\n\t\t\t\t<section class=\"elementor-section elementor-top-section elementor-element elementor-element-a02da04 elementor-section-content-top elementor-section-boxed elementor-section-height-default elementor-section-height-default\" data-id=\"a02da04\" data-element_type=\"section\" data-e-type=\"section\">\n\t\t\t\t\t\t<div class=\"elementor-container elementor-column-gap-no\">\n\t\t\t\t\t<div class=\"elementor-column elementor-col-100 elementor-top-column elementor-element elementor-element-19a2e7d\" data-id=\"19a2e7d\" data-element_type=\"column\" data-e-type=\"column\">\n\t\t\t<div class=\"elementor-widget-wrap elementor-element-populated\">\n\t\t\t\t\t\t<div class=\"elementor-element elementor-element-8aa9586 elementor-widget elementor-widget-spacer\" data-id=\"8aa9586\" data-element_type=\"widget\" data-e-type=\"widget\" data-widget_type=\"spacer.default\">\n\t\t\t\t<div class=\"elementor-widget-container\">\n\t\t\t\t\t\t\t<div class=\"elementor-spacer\">\n\t\t\t<div class=\"elementor-spacer-inner\"><\/div>\n\t\t<\/div>\n\t\t\t\t\t\t<\/div>\n\t\t\t\t<\/div>\n\t\t\t\t\t<\/div>\n\t\t<\/div>\n\t\t\t\t\t<\/div>\n\t\t<\/section>\n\t\t\t\t<section class=\"elementor-section elementor-top-section elementor-element elementor-element-7aa06e1 elementor-section-boxed elementor-section-height-default elementor-section-height-default\" data-id=\"7aa06e1\" data-element_type=\"section\" data-e-type=\"section\">\n\t\t\t\t\t\t<div class=\"elementor-container elementor-column-gap-no\">\n\t\t\t\t\t<div class=\"elementor-column elementor-col-100 elementor-top-column elementor-element elementor-element-7d6635f\" data-id=\"7d6635f\" data-element_type=\"column\" data-e-type=\"column\">\n\t\t\t<div class=\"elementor-widget-wrap elementor-element-populated\">\n\t\t\t\t\t\t<div class=\"elementor-element elementor-element-f6adcfe elementor-widget elementor-widget-spacer\" data-id=\"f6adcfe\" data-element_type=\"widget\" data-e-type=\"widget\" data-widget_type=\"spacer.default\">\n\t\t\t\t<div class=\"elementor-widget-container\">\n\t\t\t\t\t\t\t<div class=\"elementor-spacer\">\n\t\t\t<div class=\"elementor-spacer-inner\"><\/div>\n\t\t<\/div>\n\t\t\t\t\t\t<\/div>\n\t\t\t\t<\/div>\n\t\t\t\t\t<\/div>\n\t\t<\/div>\n\t\t\t\t\t<\/div>\n\t\t<\/section>\n\t\t\t\t<\/div>\n\t\t","protected":false},"excerpt":{"rendered":"<p>\u00bfPreocupaciones sobre tu asistencia? Tus servicios pueden financiarse parcial o totalmente con fondos estatales y federales y ponerse a tu disposici\u00f3n a trav\u00e9s de Signal. Signal trabaja con la Administraci\u00f3n de Salud Mental del Estado de Colorado para apoyar el acceso a los servicios de salud mental. Nuestro objetivo es garantizar que te sientas seguro [&hellip;]<\/p>\n","protected":false},"author":1,"featured_media":0,"parent":0,"menu_order":0,"comment_status":"closed","ping_status":"closed","template":"elementor_header_footer","meta":{"_acf_changed":false,"site-sidebar-layout":"no-sidebar","site-content-layout":"page-builder","ast-site-content-layout":"full-width-container","site-content-style":"default","site-sidebar-style":"default","ast-global-header-display":"","ast-banner-title-visibility":"","ast-main-header-display":"","ast-hfb-above-header-display":"","ast-hfb-below-header-display":"","ast-hfb-mobile-header-display":"","site-post-title":"","ast-breadcrumbs-content":"","ast-featured-img":"disabled","footer-sml-layout":"","ast-disable-related-posts":"","theme-transparent-header-meta":"","adv-header-id-meta":"","stick-header-meta":"","header-above-stick-meta":"","header-main-stick-meta":"","header-below-stick-meta":"","astra-migrate-meta-layouts":"default","ast-page-background-enabled":"default","ast-page-background-meta":{"desktop":{"background-color":"var(--ast-global-color-4)","background-image":"","background-repeat":"repeat","background-position":"center center","background-size":"auto","background-attachment":"scroll","background-type":"","background-media":"","overlay-type":"","overlay-color":"","overlay-opacity":"","overlay-gradient":""},"tablet":{"background-color":"","background-image":"","background-repeat":"repeat","background-position":"center center","background-size":"auto","background-attachment":"scroll","background-type":"","background-media":"","overlay-type":"","overlay-color":"","overlay-opacity":"","overlay-gradient":""},"mobile":{"background-color":"","background-image":"","background-repeat":"repeat","background-position":"center center","background-size":"auto","background-attachment":"scroll","background-type":"","background-media":"","overlay-type":"","overlay-color":"","overlay-opacity":"","overlay-gradient":""}},"ast-content-background-meta":{"desktop":{"background-color":"var(--ast-global-color-5)","background-image":"","background-repeat":"repeat","background-position":"center center","background-size":"auto","background-attachment":"scroll","background-type":"","background-media":"","overlay-type":"","overlay-color":"","overlay-opacity":"","overlay-gradient":""},"tablet":{"background-color":"var(--ast-global-color-5)","background-image":"","background-repeat":"repeat","background-position":"center center","background-size":"auto","background-attachment":"scroll","background-type":"","background-media":"","overlay-type":"","overlay-color":"","overlay-opacity":"","overlay-gradient":""},"mobile":{"background-color":"var(--ast-global-color-5)","background-image":"","background-repeat":"repeat","background-position":"center center","background-size":"auto","background-attachment":"scroll","background-type":"","background-media":"","overlay-type":"","overlay-color":"","overlay-opacity":"","overlay-gradient":""}},"footnotes":""},"class_list":["post-7155","page","type-page","status-publish","hentry"],"acf":[],"yoast_head":"<!-- This site is optimized with the Yoast SEO plugin v27.3 - https:\/\/yoast.com\/product\/yoast-seo-wordpress\/ -->\n<title>Signal is Connecting Colorado to Behavioral Health - Quejas<\/title>\n<meta name=\"robots\" content=\"index, follow, max-snippet:-1, max-image-preview:large, max-video-preview:-1\" \/>\n<link rel=\"canonical\" href=\"https:\/\/signalbhn.org\/es\/quejas\/\" \/>\n<meta property=\"og:locale\" content=\"es_ES\" \/>\n<meta property=\"og:type\" content=\"article\" \/>\n<meta property=\"og:title\" content=\"Signal is Connecting Colorado to Behavioral Health - Quejas\" \/>\n<meta property=\"og:description\" content=\"\u00bfPreocupaciones sobre tu asistencia? Tus servicios pueden financiarse parcial o totalmente con fondos estatales y federales y ponerse a tu disposici\u00f3n a trav\u00e9s de Signal. Signal trabaja con la Administraci\u00f3n de Salud Mental del Estado de Colorado para apoyar el acceso a los servicios de salud mental. Nuestro objetivo es garantizar que te sientas seguro [&hellip;]\" \/>\n<meta property=\"og:url\" content=\"https:\/\/signalbhn.org\/es\/quejas\/\" \/>\n<meta property=\"og:site_name\" content=\"Signal is Connecting Colorado to Behavioral Health\" \/>\n<meta property=\"article:modified_time\" content=\"2025-08-13T18:52:22+00:00\" \/>\n<meta property=\"og:image\" content=\"https:\/\/signalbhn.org\/wp-content\/uploads\/2021\/10\/signal-logo-arrows-shadow-3.png\" \/>\n<meta name=\"twitter:card\" content=\"summary_large_image\" \/>\n<meta name=\"twitter:label1\" content=\"Est. reading time\" \/>\n\t<meta name=\"twitter:data1\" content=\"1 minute\" \/>\n<script type=\"application\/ld+json\" class=\"yoast-schema-graph\">{\"@context\":\"https:\\\/\\\/schema.org\",\"@graph\":[{\"@type\":\"WebPage\",\"@id\":\"https:\\\/\\\/signalbhn.org\\\/es\\\/quejas\\\/\",\"url\":\"https:\\\/\\\/signalbhn.org\\\/es\\\/quejas\\\/\",\"name\":\"Signal is Connecting Colorado to Behavioral Health - Quejas\",\"isPartOf\":{\"@id\":\"https:\\\/\\\/signalbhn.org\\\/es\\\/#website\"},\"primaryImageOfPage\":{\"@id\":\"https:\\\/\\\/signalbhn.org\\\/es\\\/quejas\\\/#primaryimage\"},\"image\":{\"@id\":\"https:\\\/\\\/signalbhn.org\\\/es\\\/quejas\\\/#primaryimage\"},\"thumbnailUrl\":\"https:\\\/\\\/signalbhn.org\\\/wp-content\\\/uploads\\\/2021\\\/10\\\/signal-logo-arrows-shadow-3.png\",\"datePublished\":\"2025-06-20T03:28:51+00:00\",\"dateModified\":\"2025-08-13T18:52:22+00:00\",\"breadcrumb\":{\"@id\":\"https:\\\/\\\/signalbhn.org\\\/es\\\/quejas\\\/#breadcrumb\"},\"inLanguage\":\"es-ES\",\"potentialAction\":[{\"@type\":\"ReadAction\",\"target\":[\"https:\\\/\\\/signalbhn.org\\\/es\\\/quejas\\\/\"]}]},{\"@type\":\"ImageObject\",\"inLanguage\":\"es-ES\",\"@id\":\"https:\\\/\\\/signalbhn.org\\\/es\\\/quejas\\\/#primaryimage\",\"url\":\"https:\\\/\\\/signalbhn.org\\\/wp-content\\\/uploads\\\/2021\\\/10\\\/signal-logo-arrows-shadow-3.png\",\"contentUrl\":\"https:\\\/\\\/signalbhn.org\\\/wp-content\\\/uploads\\\/2021\\\/10\\\/signal-logo-arrows-shadow-3.png\"},{\"@type\":\"BreadcrumbList\",\"@id\":\"https:\\\/\\\/signalbhn.org\\\/es\\\/quejas\\\/#breadcrumb\",\"itemListElement\":[{\"@type\":\"ListItem\",\"position\":1,\"name\":\"Home\",\"item\":\"https:\\\/\\\/signalbhn.org\\\/es\\\/\"},{\"@type\":\"ListItem\",\"position\":2,\"name\":\"Quejas\"}]},{\"@type\":\"WebSite\",\"@id\":\"https:\\\/\\\/signalbhn.org\\\/es\\\/#website\",\"url\":\"https:\\\/\\\/signalbhn.org\\\/es\\\/\",\"name\":\"Signal is Connecting Colorado to Behavioral Health\",\"description\":\"\",\"publisher\":{\"@id\":\"https:\\\/\\\/signalbhn.org\\\/es\\\/#organization\"},\"potentialAction\":[{\"@type\":\"SearchAction\",\"target\":{\"@type\":\"EntryPoint\",\"urlTemplate\":\"https:\\\/\\\/signalbhn.org\\\/es\\\/?s={search_term_string}\"},\"query-input\":{\"@type\":\"PropertyValueSpecification\",\"valueRequired\":true,\"valueName\":\"search_term_string\"}}],\"inLanguage\":\"es-ES\"},{\"@type\":\"Organization\",\"@id\":\"https:\\\/\\\/signalbhn.org\\\/es\\\/#organization\",\"name\":\"Signal is Connecting Colorado to Behavioral Health\",\"url\":\"https:\\\/\\\/signalbhn.org\\\/es\\\/\",\"logo\":{\"@type\":\"ImageObject\",\"inLanguage\":\"es-ES\",\"@id\":\"https:\\\/\\\/signalbhn.org\\\/es\\\/#\\\/schema\\\/logo\\\/image\\\/\",\"url\":\"https:\\\/\\\/signalbhn.org\\\/wp-content\\\/uploads\\\/2021\\\/09\\\/signal-logo-horizontal.svg\",\"contentUrl\":\"https:\\\/\\\/signalbhn.org\\\/wp-content\\\/uploads\\\/2021\\\/09\\\/signal-logo-horizontal.svg\",\"caption\":\"Signal is Connecting Colorado to Behavioral Health\"},\"image\":{\"@id\":\"https:\\\/\\\/signalbhn.org\\\/es\\\/#\\\/schema\\\/logo\\\/image\\\/\"}}]}<\/script>\n<!-- \/ Yoast SEO plugin. -->","yoast_head_json":{"title":"Signal is Connecting Colorado to Behavioral Health - Quejas","robots":{"index":"index","follow":"follow","max-snippet":"max-snippet:-1","max-image-preview":"max-image-preview:large","max-video-preview":"max-video-preview:-1"},"canonical":"https:\/\/signalbhn.org\/es\/quejas\/","og_locale":"es_ES","og_type":"article","og_title":"Signal is Connecting Colorado to Behavioral Health - Quejas","og_description":"\u00bfPreocupaciones sobre tu asistencia? Tus servicios pueden financiarse parcial o totalmente con fondos estatales y federales y ponerse a tu disposici\u00f3n a trav\u00e9s de Signal. Signal trabaja con la Administraci\u00f3n de Salud Mental del Estado de Colorado para apoyar el acceso a los servicios de salud mental. Nuestro objetivo es garantizar que te sientas seguro [&hellip;]","og_url":"https:\/\/signalbhn.org\/es\/quejas\/","og_site_name":"Signal is Connecting Colorado to Behavioral Health","article_modified_time":"2025-08-13T18:52:22+00:00","og_image":[{"url":"https:\/\/signalbhn.org\/wp-content\/uploads\/2021\/10\/signal-logo-arrows-shadow-3.png","type":"","width":"","height":""}],"twitter_card":"summary_large_image","twitter_misc":{"Est. reading time":"1 minute"},"schema":{"@context":"https:\/\/schema.org","@graph":[{"@type":"WebPage","@id":"https:\/\/signalbhn.org\/es\/quejas\/","url":"https:\/\/signalbhn.org\/es\/quejas\/","name":"Signal is Connecting Colorado to Behavioral Health - Quejas","isPartOf":{"@id":"https:\/\/signalbhn.org\/es\/#website"},"primaryImageOfPage":{"@id":"https:\/\/signalbhn.org\/es\/quejas\/#primaryimage"},"image":{"@id":"https:\/\/signalbhn.org\/es\/quejas\/#primaryimage"},"thumbnailUrl":"https:\/\/signalbhn.org\/wp-content\/uploads\/2021\/10\/signal-logo-arrows-shadow-3.png","datePublished":"2025-06-20T03:28:51+00:00","dateModified":"2025-08-13T18:52:22+00:00","breadcrumb":{"@id":"https:\/\/signalbhn.org\/es\/quejas\/#breadcrumb"},"inLanguage":"es-ES","potentialAction":[{"@type":"ReadAction","target":["https:\/\/signalbhn.org\/es\/quejas\/"]}]},{"@type":"ImageObject","inLanguage":"es-ES","@id":"https:\/\/signalbhn.org\/es\/quejas\/#primaryimage","url":"https:\/\/signalbhn.org\/wp-content\/uploads\/2021\/10\/signal-logo-arrows-shadow-3.png","contentUrl":"https:\/\/signalbhn.org\/wp-content\/uploads\/2021\/10\/signal-logo-arrows-shadow-3.png"},{"@type":"BreadcrumbList","@id":"https:\/\/signalbhn.org\/es\/quejas\/#breadcrumb","itemListElement":[{"@type":"ListItem","position":1,"name":"Home","item":"https:\/\/signalbhn.org\/es\/"},{"@type":"ListItem","position":2,"name":"Quejas"}]},{"@type":"WebSite","@id":"https:\/\/signalbhn.org\/es\/#website","url":"https:\/\/signalbhn.org\/es\/","name":"Signal is Connecting Colorado to Behavioral Health","description":"","publisher":{"@id":"https:\/\/signalbhn.org\/es\/#organization"},"potentialAction":[{"@type":"SearchAction","target":{"@type":"EntryPoint","urlTemplate":"https:\/\/signalbhn.org\/es\/?s={search_term_string}"},"query-input":{"@type":"PropertyValueSpecification","valueRequired":true,"valueName":"search_term_string"}}],"inLanguage":"es-ES"},{"@type":"Organization","@id":"https:\/\/signalbhn.org\/es\/#organization","name":"Signal is Connecting Colorado to Behavioral Health","url":"https:\/\/signalbhn.org\/es\/","logo":{"@type":"ImageObject","inLanguage":"es-ES","@id":"https:\/\/signalbhn.org\/es\/#\/schema\/logo\/image\/","url":"https:\/\/signalbhn.org\/wp-content\/uploads\/2021\/09\/signal-logo-horizontal.svg","contentUrl":"https:\/\/signalbhn.org\/wp-content\/uploads\/2021\/09\/signal-logo-horizontal.svg","caption":"Signal is Connecting Colorado to Behavioral Health"},"image":{"@id":"https:\/\/signalbhn.org\/es\/#\/schema\/logo\/image\/"}}]}},"_links":{"self":[{"href":"https:\/\/signalbhn.org\/es\/wp-json\/wp\/v2\/pages\/7155","targetHints":{"allow":["GET"]}}],"collection":[{"href":"https:\/\/signalbhn.org\/es\/wp-json\/wp\/v2\/pages"}],"about":[{"href":"https:\/\/signalbhn.org\/es\/wp-json\/wp\/v2\/types\/page"}],"author":[{"embeddable":true,"href":"https:\/\/signalbhn.org\/es\/wp-json\/wp\/v2\/users\/1"}],"replies":[{"embeddable":true,"href":"https:\/\/signalbhn.org\/es\/wp-json\/wp\/v2\/comments?post=7155"}],"version-history":[{"count":3,"href":"https:\/\/signalbhn.org\/es\/wp-json\/wp\/v2\/pages\/7155\/revisions"}],"predecessor-version":[{"id":8039,"href":"https:\/\/signalbhn.org\/es\/wp-json\/wp\/v2\/pages\/7155\/revisions\/8039"}],"wp:attachment":[{"href":"https:\/\/signalbhn.org\/es\/wp-json\/wp\/v2\/media?parent=7155"}],"curies":[{"name":"wp","href":"https:\/\/api.w.org\/{rel}","templated":true}]}}